{"id":104,"date":"2017-10-21T11:05:50","date_gmt":"2017-10-21T09:05:50","guid":{"rendered":"https:\/\/www.waldcamp.at\/wordpress\/?page_id=104"},"modified":"2024-09-30T14:24:52","modified_gmt":"2024-09-30T12:24:52","slug":"ueber-uns","status":"publish","type":"page","link":"https:\/\/www.waldcamp.at\/wordpress\/index.php\/ueber-uns\/","title":{"rendered":"\u00dcber Mich"},"content":{"rendered":"\n<div class=\"wp-block-columns is-layout-flex wp-container-core-columns-is-layout-9d6595d7 wp-block-columns-is-layout-flex\">\n<div class=\"wp-block-column is-layout-flow wp-block-column-is-layout-flow\" style=\"flex-basis:33.33%\">\n<figure class=\"wp-block-image size-large\"><img loading=\"lazy\" decoding=\"async\" width=\"768\" height=\"768\" src=\"https:\/\/www.waldcamp.at\/wordpress\/wp-content\/uploads\/2017\/10\/IMG_8180.jpg\" alt=\"\" class=\"wp-image-189\" srcset=\"https:\/\/www.waldcamp.at\/wordpress\/wp-content\/uploads\/2017\/10\/IMG_8180.jpg 768w, https:\/\/www.waldcamp.at\/wordpress\/wp-content\/uploads\/2017\/10\/IMG_8180-150x150.jpg 150w, https:\/\/www.waldcamp.at\/wordpress\/wp-content\/uploads\/2017\/10\/IMG_8180-300x300.jpg 300w, https:\/\/www.waldcamp.at\/wordpress\/wp-content\/uploads\/2017\/10\/IMG_8180-100x100.jpg 100w\" sizes=\"auto, (max-width: 767px) 89vw, (max-width: 1000px) 54vw, (max-width: 1071px) 543px, 580px\" \/><\/figure>\n<\/div>\n\n\n\n<div class=\"wp-block-column is-layout-flow wp-block-column-is-layout-flow\" style=\"flex-basis:66.66%\">\n<h2 class=\"wp-block-heading\">Alfred Steinmetz<\/h2>\n\n\n\n<p>Ich wurde im Waldviertel geboren und verbrachte meine Kindheit in den W\u00e4ldern des Kamptals, wo der Grundstein meines Wissens \u00fcber die Natur gelegt wurde. Die &#8222;Neum\u00fchle&#8220; bei Stift Zwettl war f\u00fcr uns Kinder, der Ort wo wir spielten, forschten, bauten und uns in der Gemeinschaft \u00fcben konnten. So vergingen die Jahre mit mehr oder weniger &#8222;drau\u00dfen&#8220; sein, bis ich 2005 mit meiner intensiven <strong>Ausbildung <\/strong>begann:<\/p>\n\n\n\n<p><\/p>\n<\/div>\n<\/div>\n\n\n\n<p>2005: Survival Basis; Terra Una<br>Leitung: Gilbert Weisbier<\/p>\n\n\n\n<p>2005 &#8211; 2009: Teamer bei Terra Una<\/p>\n\n\n\n<p>2006: Survival Expert; Terra Una<br>Leitung: Gilbert Weisbier<\/p>\n\n\n\n<p>2007: Bogenbaukurs; Terra Una<br>Leitung: Gilbert Weisbier<\/p>\n\n\n\n<p>2008: Schmiedekurs; Freilichtmuseum Elsarn<br>Leitung: Helmut M\u00fcller, Gerhard Putzgruber<\/p>\n\n\n\n<p>2008: Flintknappingkurs; Natur Lernzentrum<br>Leitung: Hans M\u00fcllegger<\/p>\n\n\n\n<p>2009: Kanutour Kanada; Wildnisschule Wildniswissen<br>Leitung: Wolfgang Peham<\/p>\n\n\n\n<p>2011 &#8211; 2018: Teamer bei der Wildnisschule Wildniswissen<\/p>\n\n\n\n<p>2011 &#8211; 2012: Wildnisp\u00e4dagogik Teil I; Wildnisschule Wildniswissen<br>Leitung: Wolfgang Peham, Heike Seypt, Thomas Wenger<\/p>\n\n\n\n<p>2012 &#8211; 2014: Wildnisp\u00e4dagogik Teil II; Wildnisschule Wildniswissen<br>Leitung: Joscha Grolms, Wolfgang Peham, J\u00f6rn Lies, Matthias Kitzmann, Momme Falk, Tatjana Falk<\/p>\n\n\n\n<p>2015: Wildnisp\u00e4dagogik Teil III; Wildnisschule Wildniswissen<br>Leitung: Joscha Grolms, Wolfgang Peham<\/p>\n\n\n\n<p>2015: Erfolgreicher Abschluss zum <strong>Wildnislehrer<\/strong><br>Graduierter Wildnisp\u00e4dagoge<\/p>\n\n\n\n<p>2017: The Toolmaker; Wildnisschule Wildniswissen<br>Leitung: Lynx Vilden<\/p>\n\n\n\n<p>seit 2019: Partner der Wildnisschule Wildniswissen<\/p>\n\n\n\n<p>2022: Schattenl\u00e4ufer I; Wildnisschule Wildniswissen<br>Leitung: Wolfgang Peham, Gero Wever, Stefan Mohr<\/p>\n","protected":false},"excerpt":{"rendered":"<p>Alfred Steinmetz Ich wurde im Waldviertel geboren und verbrachte meine Kindheit in den W\u00e4ldern des Kamptals, wo der Grundstein meines Wissens \u00fcber die Natur gelegt wurde. Die &#8222;Neum\u00fchle&#8220; bei Stift Zwettl war f\u00fcr uns Kinder, der Ort wo wir spielten, forschten, bauten und uns in der Gemeinschaft \u00fcben konnten. So vergingen die Jahre mit mehr &hellip; <\/p>\n<p class=\"link-more\"><a href=\"https:\/\/www.waldcamp.at\/wordpress\/index.php\/ueber-uns\/\" class=\"more-link\"><span class=\"screen-reader-text\">\u201e\u00dcber Mich\u201c <\/span>weiterlesen<\/a><\/p>\n","protected":false},"author":2,"featured_media":0,"parent":0,"menu_order":0,"comment_status":"closed","ping_status":"closed","template":"","meta":{"footnotes":""},"class_list":["post-104","page","type-page","status-publish","hentry"],"_links":{"self":[{"href":"https:\/\/www.waldcamp.at\/wordpress\/index.php\/wp-json\/wp\/v2\/pages\/104","targetHints":{"allow":["GET"]}}],"collection":[{"href":"https:\/\/www.waldcamp.at\/wordpress\/index.php\/wp-json\/wp\/v2\/pages"}],"about":[{"href":"https:\/\/www.waldcamp.at\/wordpress\/index.php\/wp-json\/wp\/v2\/types\/page"}],"author":[{"embeddable":true,"href":"https:\/\/www.waldcamp.at\/wordpress\/index.php\/wp-json\/wp\/v2\/users\/2"}],"replies":[{"embeddable":true,"href":"https:\/\/www.waldcamp.at\/wordpress\/index.php\/wp-json\/wp\/v2\/comments?post=104"}],"version-history":[{"count":28,"href":"https:\/\/www.waldcamp.at\/wordpress\/index.php\/wp-json\/wp\/v2\/pages\/104\/revisions"}],"predecessor-version":[{"id":3120,"href":"https:\/\/www.waldcamp.at\/wordpress\/index.php\/wp-json\/wp\/v2\/pages\/104\/revisions\/3120"}],"wp:attachment":[{"href":"https:\/\/www.waldcamp.at\/wordpress\/index.php\/wp-json\/wp\/v2\/media?parent=104"}],"curies":[{"name":"wp","href":"https:\/\/api.w.org\/{rel}","templated":true}]}}