{"id":218,"date":"2017-10-21T22:43:53","date_gmt":"2017-10-21T20:43:53","guid":{"rendered":"https:\/\/www.waldcamp.at\/wordpress\/?page_id=218"},"modified":"2022-02-12T12:02:41","modified_gmt":"2022-02-12T10:02:41","slug":"gutscheine","status":"publish","type":"page","link":"https:\/\/www.waldcamp.at\/wordpress\/index.php\/gutscheine\/","title":{"rendered":"Gutscheine"},"content":{"rendered":"<p>Kennen Sie auch diese Situation? Sie sind auf der Suche nach einem Geschenk, der n\u00e4chste Geburtstag oder ein Ereignis zum Beschenken r\u00fcckt in greifbare N\u00e4he?<br \/>\nUnd Sie \u00fcberlegen, was Sie Ihren Liebsten schenken k\u00f6nnten?<br \/>\n\u00dcberraschen Sie, sie doch einfach, mit einem Kurs- oder Wertgutschein vom Waldcamp in Stratzing!<!--more--><\/p>\n<p><strong>Und s<\/strong><strong>o einfach funktioniert es:<\/strong><br \/>\nW\u00e4hlen Sie den Betrag des Wertgutscheines, zahlen Sie sicher und einfach mit E-Banking oder per Vorauskasse und der Gutschein wird Ihnen per E-Mail zugesandt.<br \/>\nF\u00fcr Kursgutscheine rufen Sie uns einfach an oder schreiben Sie eine E-Mail f\u00fcr den gew\u00fcnschten Kurs und der Gutschein wird Ihnen per E-Mail zugesandt.<br \/>\nViel Freude beim Verschenken!<\/p>\n<p><strong>Restbetragszahlung f\u00fcr den Beschenkten:<\/strong><br \/>\nBei einer Kursbuchung mit Verwendung eines Gutscheins, senden Sie uns eine <a href=\"mailto:info@waldcamp.at\">E-Mail<\/a> mit dem am Gutschein angef\u00fchrten Gutscheincode und Ihrem Kurswunsch. Sie bekommen einen Link zugesandt, mit dem Sie anschlie\u00dfend den Restbetrag per E-Banking oder Vorauskasse einzahlen k\u00f6nnen.<br \/>\nWir freuen uns schon auf Sie!<\/p>\n\n<!-- iframe plugin v.6.0 wordpress.org\/plugins\/iframe\/ -->\n<iframe loading=\"lazy\" src=\"https:\/\/www.waldcamp.at\/buchung\/?type=Gutschein\" width=\"100%\" height=\"500\" scrolling=\"yes\" class=\"iframe-class\" frameborder=\"0\"><\/iframe>\n\n","protected":false},"excerpt":{"rendered":"<p>Kennen Sie auch diese Situation? Sie sind auf der Suche nach einem Geschenk, der n\u00e4chste Geburtstag oder ein Ereignis zum Beschenken r\u00fcckt in greifbare N\u00e4he? Und Sie \u00fcberlegen, was Sie Ihren Liebsten schenken k\u00f6nnten? \u00dcberraschen Sie, sie doch einfach, mit einem Kurs- oder Wertgutschein vom Waldcamp in Stratzing!<\/p>\n","protected":false},"author":2,"featured_media":1724,"parent":0,"menu_order":0,"comment_status":"closed","ping_status":"closed","template":"","meta":{"footnotes":""},"class_list":["post-218","page","type-page","status-publish","has-post-thumbnail","hentry"],"_links":{"self":[{"href":"https:\/\/www.waldcamp.at\/wordpress\/index.php\/wp-json\/wp\/v2\/pages\/218","targetHints":{"allow":["GET"]}}],"collection":[{"href":"https:\/\/www.waldcamp.at\/wordpress\/index.php\/wp-json\/wp\/v2\/pages"}],"about":[{"href":"https:\/\/www.waldcamp.at\/wordpress\/index.php\/wp-json\/wp\/v2\/types\/page"}],"author":[{"embeddable":true,"href":"https:\/\/www.waldcamp.at\/wordpress\/index.php\/wp-json\/wp\/v2\/users\/2"}],"replies":[{"embeddable":true,"href":"https:\/\/www.waldcamp.at\/wordpress\/index.php\/wp-json\/wp\/v2\/comments?post=218"}],"version-history":[{"count":18,"href":"https:\/\/www.waldcamp.at\/wordpress\/index.php\/wp-json\/wp\/v2\/pages\/218\/revisions"}],"predecessor-version":[{"id":2374,"href":"https:\/\/www.waldcamp.at\/wordpress\/index.php\/wp-json\/wp\/v2\/pages\/218\/revisions\/2374"}],"wp:featuredmedia":[{"embeddable":true,"href":"https:\/\/www.waldcamp.at\/wordpress\/index.php\/wp-json\/wp\/v2\/media\/1724"}],"wp:attachment":[{"href":"https:\/\/www.waldcamp.at\/wordpress\/index.php\/wp-json\/wp\/v2\/media?parent=218"}],"curies":[{"name":"wp","href":"https:\/\/api.w.org\/{rel}","templated":true}]}}