{"id":2649,"date":"2023-07-16T17:51:57","date_gmt":"2023-07-16T15:51:57","guid":{"rendered":"https:\/\/www.waldcamp.at\/wordpress\/?page_id=2649"},"modified":"2026-02-09T18:03:58","modified_gmt":"2026-02-09T16:03:58","slug":"waldscouts","status":"publish","type":"page","link":"https:\/\/www.waldcamp.at\/wordpress\/index.php\/kursangebot\/waldscouts\/","title":{"rendered":"waldScouts"},"content":{"rendered":"\n<blockquote class=\"wp-block-quote is-layout-flow wp-block-quote-is-layout-flow\">\n<p id=\"block-6dc082b3-1ffd-4d07-b84a-134cdb3c458f\">Scouts sind die Ohren und Augen des Stammes.<\/p>\n<\/blockquote>\n\n\n\n<h2 class=\"wp-block-heading\" id=\"block-894ba2a7-8260-4013-ae28-38e4f08042c2\">Kursinhalt<\/h2>\n\n\n\n<p id=\"block-199b1367-3488-410f-82f6-c9ab16965fc8\">Die Aufgabe von Scouts ist es ihre Gruppe zu besch\u00fctzen und mit wenigen Mitteln bei ihren Streifz\u00fcgen zu \u00fcberleben und vor allem auch zu leben. Auf Basis dessen haben wir eine dreij\u00e4hrige Ausbildung zusammengestellt, die sich in <em><strong>Stufen <\/strong><\/em>und <em><strong>Module <\/strong><\/em>gliedert.<br>In den jeweiligen <em><strong>Stufen <\/strong><\/em>erlernen die TeilnehmerInnen die wichtigsten Teilgebiete der Ausbildung &#8222;Feuerbohren&#8220; und &#8222;Schleichen&#8220;. Diese werden jedes Jahr ge\u00fcbt und um Wissen erweitert.<br>Die <em><strong>Module <\/strong><\/em>bilden den Schwerpunkt des jeweiligen Ausbildungsjahres; dabei widmen wir uns den Themen &#8222;Feuer&#8220;, &#8222;Drau\u00dfen-Leben&#8220; und &#8222;Tarnen&#8220; im Detail.<\/p>\n\n\n\n<figure class=\"wp-block-image\"><img decoding=\"async\" src=\"https:\/\/www.waldcamp.at\/wordpress\/wp-content\/uploads\/2023\/12\/Ausbildung.png\" alt=\"\"\/><\/figure>\n\n\n\n<hr class=\"wp-block-separator has-alpha-channel-opacity\" id=\"block-939dd47f-070f-47e8-9984-d2ee5a8372c7\"\/>\n\n\n\n<h2 class=\"wp-block-heading\" id=\"block-5cea8595-3e75-429d-82e3-8de725d21847\">Kursablauf<\/h2>\n\n\n\n<p id=\"block-6f13c6c8-6f74-4874-a1f4-6bdc540c1030\">Die Ausbildung dauert mindestens 3 Jahre bis zum erfolgreichen Abschluss zum waldScout.<\/p>\n\n\n\n<p>Sommerkurswoche:<br>Montag bis Donnerstag jeweils von 8:00 bis 18:00 Uhr<br>Freitag von 8:00 bis 15:00 Uhr<\/p>\n\n\n\n<p>Die Kurstage verbringen wir einerseits im Wald und andererseits in unserem Camp. F\u00fcr die Zeit im Wald bitten wir euch eine Jause mitzubringen. Wir werden jeden Tag unser Mittagessen am Lagerfeuer im Camp gemeinsam zubereiten.<\/p>\n\n\n\n<p>Vor Kursbeginn lassen wir euch ausf\u00fchrliche Informationen zum Kursinhalt, sowie zur Ausr\u00fcstung zukommen.<\/p>\n\n\n\n<h2 class=\"wp-block-heading\" id=\"block-47d7bb8b-4cfe-4525-8cf1-e4cd69a5943e\">TeilnehmerInnenalter<\/h2>\n\n\n\n<p id=\"block-e66b4e62-341d-4cc8-9322-0f0a82f5d6c5\">ab 12 Jahren<br>Bei Kursbeginn muss das 12. Lebensjahr vollendet sein!<br><em>Wir empfehlen aus Erfahrung vorab eine Teilnahme an den <a href=\"https:\/\/www.waldcamp.at\/wordpress\/index.php\/kursangebot\/waldluchse\/\">waldLuchsen<\/a>, jedoch ist dies keine Voraussetzung zur Teilnahme an den waldScouts.<\/em><\/p>\n\n\n\n<h2 class=\"wp-block-heading\" id=\"block-eb755dd8-5da1-488d-972a-fa6c31d265eb\">TeilnehmerInnenanzahl<\/h2>\n\n\n\n<p id=\"block-de20e8b5-c674-40d6-81dc-15730d4d0150\">In der aktiven Ausbildung befinden sich maximal 12 Jugendliche.<\/p>\n\n\n\n<h2 class=\"wp-block-heading\" id=\"block-e262c017-62c7-4818-83c3-3769625fba40\">Veranstaltungsort<\/h2>\n\n\n\n<p id=\"block-6b6f9d6d-1902-4c33-8cb7-696ad3f351f4\">Waldcamp Stratzing<br>\ufeff<\/p>\n\n\n\n<p id=\"block-0c450af7-fb1b-49a1-882e-6f967a60521c\">F\u00fcr die Ausbildungswoche stehen uns eine Feuerstelle zum Kochen, eine \u00fcberdachte<br>Outdoor-K\u00fcche, sowie eine Sonnenplattform und ein<br>Tipi f\u00fcr gem\u00fctliche Zusammenk\u00fcnfte zur Verf\u00fcgung. Weiters befinden sich im Camp eine Outdoor-Dusche (mit<br>Warmwasser) und Komposttoiletten (mit Beleuchtung).<\/p>\n\n\n\n<figure class=\"wp-block-image\" id=\"block-8d506af4-fee4-47bc-a887-ef0dbac64835\"><img decoding=\"async\" src=\"https:\/\/www.waldcamp.at\/wordpress\/wp-content\/uploads\/2017\/10\/IMG_5669.jpg\" alt=\"Dieses Bild hat ein leeres Alt-Attribut. Der Dateiname ist IMG_5669.jpg\"\/><\/figure>\n\n\n\n<h2 class=\"wp-block-heading\" id=\"block-0959379c-b7d9-4e13-bee3-1ead33e78bb2\">Kurskosten<\/h2>\n\n\n\n<p id=\"block-4632ef89-4ef1-45a6-8e8c-6f3a98381289\">Kurskosten \u20ac 220,00<br>VP \u20ac 60,00<br>Die VP beinhaltet Mittagsverpflegung und Materialien, sowie andere Nebenkosten; diese ist mit den Kurskosten gemeinsam bei der Online-Anmeldung zu bezahlen.<\/p>\n\n\n\n<h2 class=\"wp-block-heading\" id=\"block-620e5d59-75ef-4a79-8f28-a0f77ed2756e\">Termin<\/h2>\n\n\n<noscript class=\"ninja-forms-noscript-message\">\n\tHinweis: F\u00fcr diesen Inhalt ist JavaScript erforderlich.<\/noscript>\n<div id=\"nf-form-54-cont\" class=\"nf-form-cont\" aria-live=\"polite\" aria-labelledby=\"nf-form-title-54\" aria-describedby=\"nf-form-errors-54\" role=\"form\">\n\n    <div class=\"nf-loading-spinner\"><\/div>\n\n<\/div>\n        <!-- That data is being printed as a workaround to page builders reordering the order of the scripts loaded-->\n        <script>var formDisplay=1;var nfForms=nfForms||[];var form=[];form.id='54';form.settings={\"objectType\":\"Form Setting\",\"editActive\":true,\"title\":\"17.08. - 21. 08.2026 - waldScouts\",\"created_at\":\"2026-02-09 16:56:27\",\"default_label_pos\":\"above\",\"show_title\":\"0\",\"clear_complete\":\"1\",\"hide_complete\":\"1\",\"logged_in\":\"\",\"wrapper_class\":\"\",\"element_class\":\"\",\"form_title_heading_level\":\"3\",\"key\":\"\",\"add_submit\":\"0\",\"changeEmailErrorMsg\":\"Bitte gib eine g\\u00fcltige E-Mail-Adresse ein.\",\"changeDateErrorMsg\":\"Bitte gib ein g\\u00fcltiges Datum ein!\",\"confirmFieldErrorMsg\":\"Diese Felder m\\u00fcssen \\u00fcbereinstimmen!\",\"fieldNumberNumMinError\":\"Die eingegebene Zahl ist zu klein.\",\"fieldNumberNumMaxError\":\"Die eingegebene Zahl ist zu gross.\",\"fieldNumberIncrementBy\":\"Bitte erh\\u00f6hen in Schritten von\",\"formErrorsCorrectErrors\":\"Bitte korrigiere die Fehler, bevor du das Formular sendest.\",\"validateRequiredField\":\"Dies ist ein Pflichtfeld.\",\"honeypotHoneypotError\":\"Honeypot-Fehler\",\"fieldsMarkedRequired\":\"Felder mit einem <span class=\\\"ninja-forms-req-symbol\\\">*<\\\/span> sind Pflichtfelder\",\"currency\":\"\",\"unique_field_error\":\"Ein Formular mit diesem Wert wurde bereits eingereicht.\",\"not_logged_in_msg\":\"\",\"sub_limit_number\":\"8\",\"sub_limit_msg\":\"17.08. - 21.08.2026 - Ausgebucht!\",\"calculations\":[],\"formContentData\":[\"waldscouts_1770652606553\",\"anmelden_1766862966801\"],\"drawerDisabled\":false,\"allow_public_link\":0,\"embed_form\":\"\",\"ninjaForms\":\"Ninja Forms\",\"fieldTextareaRTEInsertLink\":\"Link einf\\u00fcgen\",\"fieldTextareaRTEInsertMedia\":\"Medien einf\\u00fcgen\",\"fieldTextareaRTESelectAFile\":\"Eine Datei ausw\\u00e4hlen\",\"formHoneypot\":\"Falls du ein Mensch bist und dieses Feld siehst, dann lasse es bitte leer.\",\"fileUploadOldCodeFileUploadInProgress\":\"Datei-Upload l\\u00e4uft.\",\"fileUploadOldCodeFileUpload\":\"DATEI-UPLOAD\",\"currencySymbol\":false,\"thousands_sep\":\".\",\"decimal_point\":\",\",\"siteLocale\":\"de_DE\",\"dateFormat\":\"m\\\/d\\\/Y\",\"startOfWeek\":\"1\",\"of\":\"von\",\"previousMonth\":\"Vorheriger Monat\",\"nextMonth\":\"N\\u00e4chster Monat\",\"months\":[\"Januar\",\"Februar\",\"M\\u00e4rz\",\"April\",\"Mai\",\"Juni\",\"Juli\",\"August\",\"September\",\"Oktober\",\"November\",\"Dezember\"],\"monthsShort\":[\"Jan.\",\"Feb.\",\"M\\u00e4rz\",\"Apr.\",\"Mai\",\"Juni\",\"Juli\",\"Aug\",\"Sep.\",\"Okt.\",\"Nov.\",\"Dez.\"],\"weekdays\":[\"Sonntag\",\"Montag\",\"Dienstag\",\"Mittwoch\",\"Donnerstag\",\"Freitag\",\"Samstag\"],\"weekdaysShort\":[\"So.\",\"Mo.\",\"Di.\",\"Mi.\",\"Do.\",\"Fr.\",\"Sa.\"],\"weekdaysMin\":[\"So.\",\"Mo.\",\"Di.\",\"Mi.\",\"Do.\",\"Fr.\",\"Sa.\"],\"recaptchaConsentMissing\":\"reCaptcha validation couldn&#039;t load.\",\"recaptchaMissingCookie\":\"reCaptcha v3 validation couldn&#039;t load the cookie needed to submit the form.\",\"recaptchaConsentEvent\":\"Accept reCaptcha cookies before sending the form.\",\"currency_symbol\":\"\",\"beforeForm\":\"\",\"beforeFields\":\"\",\"afterFields\":\"\",\"afterForm\":\"\"};form.fields=[{\"objectType\":\"Field\",\"objectDomain\":\"fields\",\"editActive\":false,\"order\":1,\"idAttribute\":\"id\",\"type\":\"checkbox\",\"label\":\"waldScouts\",\"key\":\"waldscouts_1770652606553\",\"label_pos\":\"right\",\"required\":\"\",\"container_class\":\"\",\"element_class\":\"\",\"manual_key\":\"\",\"admin_label\":\"\",\"help_text\":\"\",\"default_value\":\"unchecked\",\"checked_value\":\"Ausgew\\u00e4hlt\",\"unchecked_value\":\"Nicht ausgew\\u00e4hlt\",\"checked_calc_value\":\"\",\"unchecked_calc_value\":\"\",\"drawerDisabled\":false,\"field_label\":\"waldF\\u00fcchse\",\"field_key\":\"waldfuechse_1767258773989\",\"desc_text\":\"<p><span id=\\\"nf-drawer-content\\\"><span class=\\\"nf-setting-groups\\\"><span class=\\\"nf-field-settings\\\"><span class=\\\"nf-field-sub-settings\\\"><\\\/span><\\\/span><\\\/span><\\\/span><\\\/p><p>&nbsp;&nbsp;&nbsp;&nbsp;&nbsp;&nbsp;&nbsp;&nbsp;<span id=\\\"nf-drawer-content\\\"><span class=\\\"nf-setting-groups\\\"><span class=\\\"nf-field-settings\\\"><span class=\\\"nf-field-sub-settings\\\">WANN: 17.08. - 21.08.2026<\\\/span><\\\/span><\\\/span><\\\/span><\\\/p><p>&nbsp;&nbsp;&nbsp;&nbsp;&nbsp;&nbsp;&nbsp;&nbsp;<span id=\\\"nf-drawer-content\\\"><span class=\\\"nf-setting-groups\\\"><span class=\\\"nf-field-settings\\\"><span class=\\\"nf-field-sub-settings\\\">KOSTEN: \\u20ac 280,00<\\\/span><\\\/span><\\\/span><\\\/span><\\\/p><p><\\\/p>\",\"id\":193,\"beforeField\":\"\",\"afterField\":\"\",\"value\":\"\",\"parentType\":\"checkbox\",\"element_templates\":[\"checkbox\",\"input\"],\"old_classname\":\"\",\"wrap_template\":\"wrap\"},{\"objectType\":\"Field\",\"objectDomain\":\"fields\",\"editActive\":false,\"order\":2,\"idAttribute\":\"id\",\"type\":\"submit\",\"label\":\"anmelden\",\"processing_label\":\"zur Anmeldung\",\"container_class\":\"\",\"element_class\":\"\",\"key\":\"anmelden_1766862966801\",\"drawerDisabled\":\"\",\"field_label\":\"anmelden\",\"field_key\":\"anmelden_1766862966801\",\"id\":192,\"beforeField\":\"\",\"afterField\":\"\",\"value\":\"\",\"label_pos\":\"above\",\"parentType\":\"textbox\",\"element_templates\":[\"submit\",\"button\",\"input\"],\"old_classname\":\"\",\"wrap_template\":\"wrap-no-label\"}];nfForms.push(form);<\/script>\n        \n\n\n<h2 class=\"wp-block-heading\">Wartelistenplatz<\/h2>\n\n\n\n<p class=\"has-black-color has-text-color\">Bei Interesse an einem Platz tragt Euch gerne in der Warteliste ein:<\/p>\n\n\n<noscript class=\"ninja-forms-noscript-message\">\n\tHinweis: F\u00fcr diesen Inhalt ist JavaScript erforderlich.<\/noscript>\n<div id=\"nf-form-55-cont\" class=\"nf-form-cont\" aria-live=\"polite\" aria-labelledby=\"nf-form-title-55\" aria-describedby=\"nf-form-errors-55\" role=\"form\">\n\n    <div class=\"nf-loading-spinner\"><\/div>\n\n<\/div>\n        <!-- That data is being printed as a workaround to page builders reordering the order of the scripts loaded-->\n        <script>var formDisplay=1;var nfForms=nfForms||[];var form=[];form.id='55';form.settings={\"objectType\":\"Form Setting\",\"editActive\":true,\"title\":\"waldScouts Warteliste\",\"created_at\":\"2026-02-09 17:00:07\",\"form_title\":\"Event Registration\",\"default_label_pos\":\"above\",\"show_title\":\"1\",\"clear_complete\":\"1\",\"hide_complete\":\"1\",\"logged_in\":\"0\",\"key\":\"\",\"wrapper_class\":\"\",\"element_class\":\"\",\"add_submit\":\"0\",\"not_logged_in_msg\":\"<p><br><\\\/p>\",\"sub_limit_number\":\"4\",\"sub_limit_msg\":\"Alle Ausbildungspl\\u00e4tze f\\u00fcr den n\\u00e4chsten Ausbildungsstart sind derzeit belegt.\",\"calculations\":[],\"formContentData\":[\"vor-_und_nachname_1732785435724\",\"phone_1756558731444\",\"email_1756558769495\",\"wartelistenplatz_fuer_kurs_am_17_08_-_21_08_2026_1770652827408\",\"absenden_1756558804043\"],\"currency\":\"\",\"unique_field_error\":\"A form with this value has already been submitted.\",\"form_title_heading_level\":\"3\",\"changeEmailErrorMsg\":\"Bitte gib eine g\\u00fcltige E-Mail-Adresse ein.\",\"changeDateErrorMsg\":\"Bitte gib ein g\\u00fcltiges Datum ein!\",\"confirmFieldErrorMsg\":\"Diese Felder m\\u00fcssen \\u00fcbereinstimmen!\",\"fieldNumberNumMinError\":\"Die eingegebene Zahl ist zu klein.\",\"fieldNumberNumMaxError\":\"Die eingegebene Zahl ist zu gross.\",\"fieldNumberIncrementBy\":\"Bitte erh\\u00f6hen in Schritten von\",\"formErrorsCorrectErrors\":\"Bitte korrigiere die Fehler, bevor du das Formular sendest.\",\"validateRequiredField\":\"Dies ist ein Pflichtfeld.\",\"honeypotHoneypotError\":\"Honeypot-Fehler\",\"fieldsMarkedRequired\":\"Felder mit einem <span class=\\\"ninja-forms-req-symbol\\\">*<\\\/span> sind Pflichtfelder\",\"drawerDisabled\":false,\"unique_field\":\"0\",\"allow_public_link\":0,\"embed_form\":\"\",\"ninjaForms\":\"Ninja Forms\",\"fieldTextareaRTEInsertLink\":\"Link einf\\u00fcgen\",\"fieldTextareaRTEInsertMedia\":\"Medien einf\\u00fcgen\",\"fieldTextareaRTESelectAFile\":\"Eine Datei ausw\\u00e4hlen\",\"formHoneypot\":\"Falls du ein Mensch bist und dieses Feld siehst, dann lasse es bitte leer.\",\"fileUploadOldCodeFileUploadInProgress\":\"Datei-Upload l\\u00e4uft.\",\"fileUploadOldCodeFileUpload\":\"DATEI-UPLOAD\",\"currencySymbol\":false,\"thousands_sep\":\".\",\"decimal_point\":\",\",\"siteLocale\":\"de_DE\",\"dateFormat\":\"m\\\/d\\\/Y\",\"startOfWeek\":\"1\",\"of\":\"von\",\"previousMonth\":\"Vorheriger Monat\",\"nextMonth\":\"N\\u00e4chster Monat\",\"months\":[\"Januar\",\"Februar\",\"M\\u00e4rz\",\"April\",\"Mai\",\"Juni\",\"Juli\",\"August\",\"September\",\"Oktober\",\"November\",\"Dezember\"],\"monthsShort\":[\"Jan.\",\"Feb.\",\"M\\u00e4rz\",\"Apr.\",\"Mai\",\"Juni\",\"Juli\",\"Aug\",\"Sep.\",\"Okt.\",\"Nov.\",\"Dez.\"],\"weekdays\":[\"Sonntag\",\"Montag\",\"Dienstag\",\"Mittwoch\",\"Donnerstag\",\"Freitag\",\"Samstag\"],\"weekdaysShort\":[\"So.\",\"Mo.\",\"Di.\",\"Mi.\",\"Do.\",\"Fr.\",\"Sa.\"],\"weekdaysMin\":[\"So.\",\"Mo.\",\"Di.\",\"Mi.\",\"Do.\",\"Fr.\",\"Sa.\"],\"recaptchaConsentMissing\":\"reCaptcha validation couldn&#039;t load.\",\"recaptchaMissingCookie\":\"reCaptcha v3 validation couldn&#039;t load the cookie needed to submit the form.\",\"recaptchaConsentEvent\":\"Accept reCaptcha cookies before sending the form.\",\"currency_symbol\":\"\",\"beforeForm\":\"\",\"beforeFields\":\"\",\"afterFields\":\"\",\"afterForm\":\"\"};form.fields=[{\"objectType\":\"Field\",\"objectDomain\":\"fields\",\"editActive\":false,\"order\":1,\"idAttribute\":\"id\",\"label\":\"Vor- und Nachname\",\"key\":\"vor-_und_nachname_1732785435724\",\"type\":\"firstname\",\"created_at\":\"2016-08-28 16:16:05\",\"label_pos\":\"above\",\"required\":1,\"default\":\"\",\"placeholder\":\"\",\"container_class\":\"one-half first\",\"element_class\":\"\",\"admin_label\":\"\",\"help_text\":\"\",\"desc_text\":\"\",\"field_label\":\"Vor- und Nachname\",\"field_key\":\"vor-_und_nachname_1732785435724\",\"custom_name_attribute\":\"fname\",\"personally_identifiable\":1,\"value\":\"\",\"drawerDisabled\":\"\",\"id\":194,\"beforeField\":\"\",\"afterField\":\"\",\"parentType\":\"firstname\",\"element_templates\":[\"firstname\",\"input\"],\"old_classname\":\"\",\"wrap_template\":\"wrap\"},{\"objectType\":\"Field\",\"objectDomain\":\"fields\",\"editActive\":false,\"order\":2,\"idAttribute\":\"id\",\"type\":\"phone\",\"label\":\"\\ufeffTelefon\",\"key\":\"phone_1756558731444\",\"label_pos\":\"above\",\"required\":1,\"default\":\"\",\"placeholder\":\"\",\"container_class\":\"\",\"element_class\":\"\",\"input_limit\":\"\",\"input_limit_type\":\"characters\",\"input_limit_msg\":\"verbleibende(s) Zeichen\",\"manual_key\":\"\",\"admin_label\":\"\",\"help_text\":\"\",\"mask\":\"\",\"custom_mask\":\"\",\"custom_name_attribute\":\"phone\",\"personally_identifiable\":1,\"value\":\"\",\"drawerDisabled\":\"\",\"field_label\":\"\\ufeffTelefon\",\"field_key\":\"phone_1756558731444\",\"id\":196,\"beforeField\":\"\",\"afterField\":\"\",\"parentType\":\"textbox\",\"element_templates\":[\"tel\",\"textbox\",\"input\"],\"old_classname\":\"\",\"wrap_template\":\"wrap\"},{\"objectType\":\"Field\",\"objectDomain\":\"fields\",\"editActive\":false,\"order\":3,\"idAttribute\":\"id\",\"type\":\"email\",\"label\":\"E-Mail\",\"key\":\"email_1756558769495\",\"label_pos\":\"above\",\"required\":1,\"default\":\"\",\"placeholder\":\"\",\"container_class\":\"\",\"element_class\":\"\",\"admin_label\":\"\",\"help_text\":\"\",\"custom_name_attribute\":\"email\",\"personally_identifiable\":1,\"value\":\"\",\"field_label\":\"E-Mail\",\"field_key\":\"email_1756558769495\",\"id\":197,\"beforeField\":\"\",\"afterField\":\"\",\"parentType\":\"email\",\"element_templates\":[\"email\",\"input\"],\"old_classname\":\"\",\"wrap_template\":\"wrap\"},{\"objectType\":\"Field\",\"objectDomain\":\"fields\",\"editActive\":false,\"order\":4,\"idAttribute\":\"id\",\"type\":\"checkbox\",\"label\":\"Wartelistenplatz f\\u00fcr Kurs am 17.08. - 21.08.2026 \",\"key\":\"wartelistenplatz_fuer_kurs_am_17_08_-_21_08_2026_1770652827408\",\"label_pos\":\"right\",\"required\":\"\",\"container_class\":\"\",\"element_class\":\"\",\"manual_key\":\"\",\"admin_label\":\"\",\"help_text\":\"\",\"default_value\":\"unchecked\",\"checked_value\":\"Ausgew\\u00e4hlt\",\"unchecked_value\":\"Nicht ausgew\\u00e4hlt\",\"checked_calc_value\":\"\",\"unchecked_calc_value\":\"\",\"drawerDisabled\":false,\"field_label\":\"Wartelistenplatz f\\u00fcr Kurs am 10.08. - 14.08.2026 \",\"field_key\":\"wartelistenplatz_fuer_kurs_am_10_08_-_14_08_2026_1767789853955\",\"id\":198,\"beforeField\":\"\",\"afterField\":\"\",\"value\":\"\",\"parentType\":\"checkbox\",\"element_templates\":[\"checkbox\",\"input\"],\"old_classname\":\"\",\"wrap_template\":\"wrap\"},{\"objectType\":\"Field\",\"objectDomain\":\"fields\",\"editActive\":false,\"order\":5,\"idAttribute\":\"id\",\"label\":\"absenden\",\"key\":\"absenden_1756558804043\",\"type\":\"submit\",\"created_at\":\"2016-08-28 16:16:05\",\"processing_label\":\"ANGEKOMMEN\",\"container_class\":\"\",\"element_class\":\"\",\"field_label\":\"absenden\",\"field_key\":\"absenden_1756558804043\",\"drawerDisabled\":\"\",\"id\":195,\"beforeField\":\"\",\"afterField\":\"\",\"value\":\"\",\"label_pos\":\"above\",\"parentType\":\"textbox\",\"element_templates\":[\"submit\",\"button\",\"input\"],\"old_classname\":\"\",\"wrap_template\":\"wrap-no-label\"}];nfForms.push(form);<\/script>\n        ","protected":false},"excerpt":{"rendered":"<p>Scouts sind die Ohren und Augen des Stammes. Kursinhalt Die Aufgabe von Scouts ist es ihre Gruppe zu besch\u00fctzen und mit wenigen Mitteln bei ihren Streifz\u00fcgen zu \u00fcberleben und vor allem auch zu leben. Auf Basis dessen haben wir eine dreij\u00e4hrige Ausbildung zusammengestellt, die sich in Stufen und Module gliedert.In den jeweiligen Stufen erlernen die &hellip; <\/p>\n<p class=\"link-more\"><a href=\"https:\/\/www.waldcamp.at\/wordpress\/index.php\/kursangebot\/waldscouts\/\" class=\"more-link\"><span class=\"screen-reader-text\">\u201ewaldScouts\u201c <\/span>weiterlesen<\/a><\/p>\n","protected":false},"author":2,"featured_media":0,"parent":1924,"menu_order":0,"comment_status":"closed","ping_status":"closed","template":"","meta":{"footnotes":""},"class_list":["post-2649","page","type-page","status-publish","hentry"],"_links":{"self":[{"href":"https:\/\/www.waldcamp.at\/wordpress\/index.php\/wp-json\/wp\/v2\/pages\/2649","targetHints":{"allow":["GET"]}}],"collection":[{"href":"https:\/\/www.waldcamp.at\/wordpress\/index.php\/wp-json\/wp\/v2\/pages"}],"about":[{"href":"https:\/\/www.waldcamp.at\/wordpress\/index.php\/wp-json\/wp\/v2\/types\/page"}],"author":[{"embeddable":true,"href":"https:\/\/www.waldcamp.at\/wordpress\/index.php\/wp-json\/wp\/v2\/users\/2"}],"replies":[{"embeddable":true,"href":"https:\/\/www.waldcamp.at\/wordpress\/index.php\/wp-json\/wp\/v2\/comments?post=2649"}],"version-history":[{"count":18,"href":"https:\/\/www.waldcamp.at\/wordpress\/index.php\/wp-json\/wp\/v2\/pages\/2649\/revisions"}],"predecessor-version":[{"id":4170,"href":"https:\/\/www.waldcamp.at\/wordpress\/index.php\/wp-json\/wp\/v2\/pages\/2649\/revisions\/4170"}],"up":[{"embeddable":true,"href":"https:\/\/www.waldcamp.at\/wordpress\/index.php\/wp-json\/wp\/v2\/pages\/1924"}],"wp:attachment":[{"href":"https:\/\/www.waldcamp.at\/wordpress\/index.php\/wp-json\/wp\/v2\/media?parent=2649"}],"curies":[{"name":"wp","href":"https:\/\/api.w.org\/{rel}","templated":true}]}}