{"id":2665,"date":"2026-01-01T23:30:00","date_gmt":"2026-01-01T21:30:00","guid":{"rendered":"https:\/\/www.waldcamp.at\/wordpress\/?page_id=2665"},"modified":"2026-01-07T15:49:46","modified_gmt":"2026-01-07T13:49:46","slug":"waldluchse","status":"publish","type":"page","link":"https:\/\/www.waldcamp.at\/wordpress\/index.php\/kursangebot\/waldluchse\/","title":{"rendered":"waldLuchse"},"content":{"rendered":"\n<p>Kursreihe<\/p>\n\n\n\n<blockquote class=\"wp-block-quote is-layout-flow wp-block-quote-is-layout-flow\">\n<p>Gemeinsam \u00f6ffnen wir die gro\u00dfe Bibliothek \u00fcber ein Leben in und mit der Natur<\/p>\n<\/blockquote>\n\n\n\n<h2 class=\"wp-block-heading\">Kursinhalt<\/h2>\n\n\n\n<p>Du m\u00f6chtest deine F\u00e4higkeiten, Fertigkeiten und Wissen \u00fcber die Natur erweitern?<br>Gemeinsam erlernen wir einfache Schutzbehausungen im Wald aufzubauen, entz\u00fcnden wir das Feuer ohne Streichh\u00f6lzer, schulen wir deine Wahrnehmung und f\u00f6rdern deine Taktik, Kreativit\u00e4t und Teamf\u00e4higkeit bei anspruchsvollen Spielen.<br><br>Im Rahmen dieses Kurses widmen wir uns im 3 Jahresrythmus unterschiedlichen Themenschwerpunkten:<\/p>\n\n\n\n<p>\u2022 Lederbeutel fertigen<br>\u2022 geschnitzes Holz und seine vielf\u00e4ltigen Anwendungsm\u00f6glichkeiten<br>\u2022 Feuererzeugungstechniken<\/p>\n\n\n\n<p>Nach drei Jahren hast du die M\u00f6glichkeit, die Kursreihe abzuschlie\u00dfen.<\/p>\n\n\n\n<h2 class=\"wp-block-heading\">TeilnehmerInnenalter<\/h2>\n\n\n\n<p>ab vollendeter 4. Klasse Volksschule (10 Jahre)<\/p>\n\n\n\n<h2 class=\"wp-block-heading\">TeilnehmerInnenanzahl<\/h2>\n\n\n\n<p>mindestens 8 Jugendliche<br>maximal 16 Jugendliche<\/p>\n\n\n\n<h2 class=\"wp-block-heading\">Kursablauf<\/h2>\n\n\n\n<p>Wochenprogramm in den Sommerferien<br>Montag &#8211; Donnerstag 8:00 &#8211; 16:00 Uhr<br>Freitag 8:00 &#8211; 12:00 Uhr<\/p>\n\n\n\n<p>Gemeinsam wird jeden Tag Feuer gemacht, wo die M\u00f6glichkeit besteht am Lagerfeuer selbst Mitgebrachtes zu grillen (in der Regel: W\u00fcrstel). Weiters k\u00f6nnt ihr eure Trinkflasche jederzeit mit bereitgestelltem Wasser wieder auff\u00fcllen. Vor Kursbeginn lassen wir euch eine ausf\u00fchrliche Ausr\u00fcstungsliste zukommen.<\/p>\n\n\n\n<h2 class=\"wp-block-heading\">Kurskosten<\/h2>\n\n\n\n<p class=\"has-black-color has-text-color\"><em>Eine Teilnahme soll nicht an den finanziellen M\u00f6glichkeiten scheitern. <br>Auf Anfrage ist ein Sozialtarif m\u00f6glich.<\/em><\/p>\n\n\n\n<h2 class=\"wp-block-heading\">Termin<\/h2>\n\n\n\n<p class=\"has-black-color has-text-color\">Der Kurs 2026 ist ausgebucht. <\/p>\n\n\n\n<h2 class=\"wp-block-heading\">Wartelistenplatz<\/h2>\n\n\n\n<p class=\"has-black-color has-text-color\">Bei Interesse an einem Platz tragt Euch gerne in der Warteliste ein:<\/p>\n\n\n<noscript class=\"ninja-forms-noscript-message\">\n\tHinweis: F\u00fcr diesen Inhalt ist JavaScript erforderlich.<\/noscript>\n<div id=\"nf-form-52-cont\" class=\"nf-form-cont\" aria-live=\"polite\" aria-labelledby=\"nf-form-title-52\" aria-describedby=\"nf-form-errors-52\" role=\"form\">\n\n    <div class=\"nf-loading-spinner\"><\/div>\n\n<\/div>\n        <!-- That data is being printed as a workaround to page builders reordering the order of the scripts loaded-->\n        <script>var formDisplay=1;var nfForms=nfForms||[];var form=[];form.id='52';form.settings={\"objectType\":\"Form Setting\",\"editActive\":true,\"title\":\"waldLuchse Warteliste\",\"created_at\":\"2026-01-07 12:52:58\",\"form_title\":\"Event Registration\",\"default_label_pos\":\"above\",\"show_title\":\"1\",\"clear_complete\":\"1\",\"hide_complete\":\"1\",\"logged_in\":\"0\",\"key\":\"\",\"wrapper_class\":\"\",\"element_class\":\"\",\"add_submit\":\"0\",\"not_logged_in_msg\":\"<p><br><\\\/p>\",\"sub_limit_number\":\"4\",\"sub_limit_msg\":\"Alle Ausbildungspl\\u00e4tze f\\u00fcr den n\\u00e4chsten Ausbildungsstart sind derzeit belegt.\",\"calculations\":[],\"formContentData\":[\"vor-_und_nachname_1732785435724\",\"phone_1756558731444\",\"email_1756558769495\",\"wartelistenplatz_fuer_kurs_am_10_08_-_14_08_2026_1767789853955\",\"absenden_1756558804043\"],\"currency\":\"\",\"unique_field_error\":\"A form with this value has already been submitted.\",\"form_title_heading_level\":\"3\",\"changeEmailErrorMsg\":\"Bitte gib eine g\\u00fcltige E-Mail-Adresse ein.\",\"changeDateErrorMsg\":\"Bitte gib ein g\\u00fcltiges Datum ein!\",\"confirmFieldErrorMsg\":\"Diese Felder m\\u00fcssen \\u00fcbereinstimmen!\",\"fieldNumberNumMinError\":\"Die eingegebene Zahl ist zu klein.\",\"fieldNumberNumMaxError\":\"Die eingegebene Zahl ist zu gross.\",\"fieldNumberIncrementBy\":\"Bitte erh\\u00f6hen in Schritten von\",\"formErrorsCorrectErrors\":\"Bitte korrigiere die Fehler, bevor du das Formular sendest.\",\"validateRequiredField\":\"Dies ist ein Pflichtfeld.\",\"honeypotHoneypotError\":\"Honeypot-Fehler\",\"fieldsMarkedRequired\":\"Felder mit einem <span class=\\\"ninja-forms-req-symbol\\\">*<\\\/span> sind Pflichtfelder\",\"drawerDisabled\":false,\"unique_field\":\"0\",\"allow_public_link\":0,\"embed_form\":\"\",\"ninjaForms\":\"Ninja Forms\",\"fieldTextareaRTEInsertLink\":\"Link einf\\u00fcgen\",\"fieldTextareaRTEInsertMedia\":\"Medien einf\\u00fcgen\",\"fieldTextareaRTESelectAFile\":\"Eine Datei ausw\\u00e4hlen\",\"formHoneypot\":\"Falls du ein Mensch bist und dieses Feld siehst, dann lasse es bitte leer.\",\"fileUploadOldCodeFileUploadInProgress\":\"Datei-Upload l\\u00e4uft.\",\"fileUploadOldCodeFileUpload\":\"DATEI-UPLOAD\",\"currencySymbol\":false,\"thousands_sep\":\".\",\"decimal_point\":\",\",\"siteLocale\":\"de_DE\",\"dateFormat\":\"m\\\/d\\\/Y\",\"startOfWeek\":\"1\",\"of\":\"von\",\"previousMonth\":\"Vorheriger Monat\",\"nextMonth\":\"N\\u00e4chster Monat\",\"months\":[\"Januar\",\"Februar\",\"M\\u00e4rz\",\"April\",\"Mai\",\"Juni\",\"Juli\",\"August\",\"September\",\"Oktober\",\"November\",\"Dezember\"],\"monthsShort\":[\"Jan.\",\"Feb.\",\"M\\u00e4rz\",\"Apr.\",\"Mai\",\"Juni\",\"Juli\",\"Aug\",\"Sep.\",\"Okt.\",\"Nov.\",\"Dez.\"],\"weekdays\":[\"Sonntag\",\"Montag\",\"Dienstag\",\"Mittwoch\",\"Donnerstag\",\"Freitag\",\"Samstag\"],\"weekdaysShort\":[\"So.\",\"Mo.\",\"Di.\",\"Mi.\",\"Do.\",\"Fr.\",\"Sa.\"],\"weekdaysMin\":[\"So.\",\"Mo.\",\"Di.\",\"Mi.\",\"Do.\",\"Fr.\",\"Sa.\"],\"recaptchaConsentMissing\":\"reCaptcha validation couldn&#039;t load.\",\"recaptchaMissingCookie\":\"reCaptcha v3 validation couldn&#039;t load the cookie needed to submit the form.\",\"recaptchaConsentEvent\":\"Accept reCaptcha cookies before sending the form.\",\"currency_symbol\":\"\",\"beforeForm\":\"\",\"beforeFields\":\"\",\"afterFields\":\"\",\"afterForm\":\"\"};form.fields=[{\"objectType\":\"Field\",\"objectDomain\":\"fields\",\"editActive\":false,\"order\":1,\"idAttribute\":\"id\",\"label\":\"Vor- und Nachname\",\"key\":\"vor-_und_nachname_1732785435724\",\"type\":\"firstname\",\"created_at\":\"2016-08-28 16:16:05\",\"label_pos\":\"above\",\"required\":1,\"default\":\"\",\"placeholder\":\"\",\"container_class\":\"one-half first\",\"element_class\":\"\",\"admin_label\":\"\",\"help_text\":\"\",\"desc_text\":\"\",\"field_label\":\"Vor- und Nachname\",\"field_key\":\"vor-_und_nachname_1732785435724\",\"custom_name_attribute\":\"fname\",\"personally_identifiable\":1,\"value\":\"\",\"drawerDisabled\":\"\",\"id\":179,\"beforeField\":\"\",\"afterField\":\"\",\"parentType\":\"firstname\",\"element_templates\":[\"firstname\",\"input\"],\"old_classname\":\"\",\"wrap_template\":\"wrap\"},{\"objectType\":\"Field\",\"objectDomain\":\"fields\",\"editActive\":false,\"order\":2,\"idAttribute\":\"id\",\"type\":\"phone\",\"label\":\"\\ufeffTelefon\",\"key\":\"phone_1756558731444\",\"label_pos\":\"above\",\"required\":1,\"default\":\"\",\"placeholder\":\"\",\"container_class\":\"\",\"element_class\":\"\",\"input_limit\":\"\",\"input_limit_type\":\"characters\",\"input_limit_msg\":\"verbleibende(s) Zeichen\",\"manual_key\":\"\",\"admin_label\":\"\",\"help_text\":\"\",\"mask\":\"\",\"custom_mask\":\"\",\"custom_name_attribute\":\"phone\",\"personally_identifiable\":1,\"value\":\"\",\"drawerDisabled\":\"\",\"field_label\":\"\\ufeffTelefon\",\"field_key\":\"phone_1756558731444\",\"id\":182,\"beforeField\":\"\",\"afterField\":\"\",\"parentType\":\"textbox\",\"element_templates\":[\"tel\",\"textbox\",\"input\"],\"old_classname\":\"\",\"wrap_template\":\"wrap\"},{\"objectType\":\"Field\",\"objectDomain\":\"fields\",\"editActive\":false,\"order\":3,\"idAttribute\":\"id\",\"type\":\"email\",\"label\":\"E-Mail\",\"key\":\"email_1756558769495\",\"label_pos\":\"above\",\"required\":1,\"default\":\"\",\"placeholder\":\"\",\"container_class\":\"\",\"element_class\":\"\",\"admin_label\":\"\",\"help_text\":\"\",\"custom_name_attribute\":\"email\",\"personally_identifiable\":1,\"value\":\"\",\"field_label\":\"E-Mail\",\"field_key\":\"email_1756558769495\",\"id\":183,\"beforeField\":\"\",\"afterField\":\"\",\"parentType\":\"email\",\"element_templates\":[\"email\",\"input\"],\"old_classname\":\"\",\"wrap_template\":\"wrap\"},{\"objectType\":\"Field\",\"objectDomain\":\"fields\",\"editActive\":false,\"order\":4,\"idAttribute\":\"id\",\"type\":\"checkbox\",\"label\":\"Wartelistenplatz f\\u00fcr Kurs am 10.08. - 14.08.2026 \",\"key\":\"wartelistenplatz_fuer_kurs_am_10_08_-_14_08_2026_1767789853955\",\"label_pos\":\"right\",\"required\":false,\"container_class\":\"\",\"element_class\":\"\",\"manual_key\":false,\"admin_label\":\"\",\"help_text\":\"\",\"default_value\":\"unchecked\",\"checked_value\":\"Ausgew\\u00e4hlt\",\"unchecked_value\":\"Nicht ausgew\\u00e4hlt\",\"checked_calc_value\":\"\",\"unchecked_calc_value\":\"\",\"drawerDisabled\":false,\"id\":191,\"beforeField\":\"\",\"afterField\":\"\",\"value\":\"\",\"parentType\":\"checkbox\",\"element_templates\":[\"checkbox\",\"input\"],\"old_classname\":\"\",\"wrap_template\":\"wrap\"},{\"objectType\":\"Field\",\"objectDomain\":\"fields\",\"editActive\":false,\"order\":5,\"idAttribute\":\"id\",\"label\":\"absenden\",\"key\":\"absenden_1756558804043\",\"type\":\"submit\",\"created_at\":\"2016-08-28 16:16:05\",\"processing_label\":\"ANGEKOMMEN\",\"container_class\":\"\",\"element_class\":\"\",\"field_label\":\"absenden\",\"field_key\":\"absenden_1756558804043\",\"drawerDisabled\":\"\",\"id\":180,\"beforeField\":\"\",\"afterField\":\"\",\"value\":\"\",\"label_pos\":\"above\",\"parentType\":\"textbox\",\"element_templates\":[\"submit\",\"button\",\"input\"],\"old_classname\":\"\",\"wrap_template\":\"wrap-no-label\"}];nfForms.push(form);<\/script>\n        ","protected":false},"excerpt":{"rendered":"<p>Kursreihe Gemeinsam \u00f6ffnen wir die gro\u00dfe Bibliothek \u00fcber ein Leben in und mit der Natur Kursinhalt Du m\u00f6chtest deine F\u00e4higkeiten, Fertigkeiten und Wissen \u00fcber die Natur erweitern?Gemeinsam erlernen wir einfache Schutzbehausungen im Wald aufzubauen, entz\u00fcnden wir das Feuer ohne Streichh\u00f6lzer, schulen wir deine Wahrnehmung und f\u00f6rdern deine Taktik, Kreativit\u00e4t und Teamf\u00e4higkeit bei anspruchsvollen Spielen. Im &hellip; <\/p>\n<p class=\"link-more\"><a href=\"https:\/\/www.waldcamp.at\/wordpress\/index.php\/kursangebot\/waldluchse\/\" class=\"more-link\"><span class=\"screen-reader-text\">\u201ewaldLuchse\u201c <\/span>weiterlesen<\/a><\/p>\n","protected":false},"author":2,"featured_media":1453,"parent":1924,"menu_order":0,"comment_status":"closed","ping_status":"closed","template":"","meta":{"footnotes":""},"class_list":["post-2665","page","type-page","status-publish","has-post-thumbnail","hentry"],"_links":{"self":[{"href":"https:\/\/www.waldcamp.at\/wordpress\/index.php\/wp-json\/wp\/v2\/pages\/2665","targetHints":{"allow":["GET"]}}],"collection":[{"href":"https:\/\/www.waldcamp.at\/wordpress\/index.php\/wp-json\/wp\/v2\/pages"}],"about":[{"href":"https:\/\/www.waldcamp.at\/wordpress\/index.php\/wp-json\/wp\/v2\/types\/page"}],"author":[{"embeddable":true,"href":"https:\/\/www.waldcamp.at\/wordpress\/index.php\/wp-json\/wp\/v2\/users\/2"}],"replies":[{"embeddable":true,"href":"https:\/\/www.waldcamp.at\/wordpress\/index.php\/wp-json\/wp\/v2\/comments?post=2665"}],"version-history":[{"count":49,"href":"https:\/\/www.waldcamp.at\/wordpress\/index.php\/wp-json\/wp\/v2\/pages\/2665\/revisions"}],"predecessor-version":[{"id":4115,"href":"https:\/\/www.waldcamp.at\/wordpress\/index.php\/wp-json\/wp\/v2\/pages\/2665\/revisions\/4115"}],"up":[{"embeddable":true,"href":"https:\/\/www.waldcamp.at\/wordpress\/index.php\/wp-json\/wp\/v2\/pages\/1924"}],"wp:featuredmedia":[{"embeddable":true,"href":"https:\/\/www.waldcamp.at\/wordpress\/index.php\/wp-json\/wp\/v2\/media\/1453"}],"wp:attachment":[{"href":"https:\/\/www.waldcamp.at\/wordpress\/index.php\/wp-json\/wp\/v2\/media?parent=2665"}],"curies":[{"name":"wp","href":"https:\/\/api.w.org\/{rel}","templated":true}]}}