{"id":71,"date":"2017-10-21T10:21:51","date_gmt":"2017-10-21T08:21:51","guid":{"rendered":"https:\/\/www.waldcamp.at\/wordpress\/?page_id=71"},"modified":"2026-03-09T10:45:31","modified_gmt":"2026-03-09T08:45:31","slug":"startseite","status":"publish","type":"page","link":"https:\/\/www.waldcamp.at\/wordpress\/","title":{"rendered":"Neuigkeiten"},"content":{"rendered":"\n<h1 class=\"wp-block-heading\">Fr\u00fchling &amp; Sommer 2026<\/h1>\n\n\n\n<h2 class=\"wp-block-heading\">waldWerkstatt<\/h2>\n\n\n\n<p>Termine f\u00fcr Februar bis Juni sind ab sofort in der Anmeldungsliste buchbar<\/p>\n\n\n\n<h2 class=\"wp-block-heading\">waldF\u00fcchse<\/h2>\n\n\n\n<p>Wir haben noch freie Pl\u00e4tze f\u00fcr den Kurs am 06.07. &#8211; 10.07.2026 <\/p>\n\n\n\n<h2 class=\"wp-block-heading\">waldLuchse<\/h2>\n\n\n\n<p>Dieser Kurs ist derzeit ausgebucht!<\/p>\n\n\n\n<h2 class=\"wp-block-heading\">waldScouts<\/h2>\n\n\n\n<p>F\u00fcr den Kurs am 17.08. &#8211; 21.08.2026 haben wir noch freie Pl\u00e4tze<\/p>\n\n\n\n<h4 class=\"wp-block-heading\">Bei Interesse an einem Kursplatz nutzt gerne unsere Warteliste!<\/h4>\n\n\n\n<hr class=\"wp-block-separator has-alpha-channel-opacity is-style-wide\"\/>\n\n\n\n<h2 class=\"wp-block-heading\">SpielNatur Sommerwoche im waldcamp<\/h2>\n\n\n\n<p>f\u00fcr Kinder zwischen 5 und 6 Jahren<br>von 31.08. &#8211; 04.09.2026<br>jeweils von 08:30 bis 13:00 Uhr<br>mit Ulli Binder und Stefan Schl\u00f6gl <\/p>\n\n\n\n<div class=\"wp-block-buttons is-horizontal is-layout-flex wp-block-buttons-is-layout-flex\">\n<div class=\"wp-block-button\"><a class=\"wp-block-button__link wp-element-button\" href=\"https:\/\/mailchi.mp\/d51d69b92c94\/spielnatur-sommerwoche2026\">weitere Infos und Anmeldung<\/a><\/div>\n<\/div>\n","protected":false},"excerpt":{"rendered":"<p>Fr\u00fchling &amp; Sommer 2026 waldWerkstatt Termine f\u00fcr Februar bis Juni sind ab sofort in der Anmeldungsliste buchbar waldF\u00fcchse Wir haben noch freie Pl\u00e4tze f\u00fcr den Kurs am 06.07. &#8211; 10.07.2026 waldLuchse Dieser Kurs ist derzeit ausgebucht! waldScouts F\u00fcr den Kurs am 17.08. &#8211; 21.08.2026 haben wir noch freie Pl\u00e4tze Bei Interesse an einem Kursplatz nutzt &hellip; <\/p>\n<p class=\"link-more\"><a href=\"https:\/\/www.waldcamp.at\/wordpress\/\" class=\"more-link\"><span class=\"screen-reader-text\">\u201eNeuigkeiten\u201c <\/span>weiterlesen<\/a><\/p>\n","protected":false},"author":2,"featured_media":0,"parent":0,"menu_order":1,"comment_status":"closed","ping_status":"closed","template":"","meta":{"footnotes":""},"class_list":["post-71","page","type-page","status-publish","hentry"],"_links":{"self":[{"href":"https:\/\/www.waldcamp.at\/wordpress\/index.php\/wp-json\/wp\/v2\/pages\/71","targetHints":{"allow":["GET"]}}],"collection":[{"href":"https:\/\/www.waldcamp.at\/wordpress\/index.php\/wp-json\/wp\/v2\/pages"}],"about":[{"href":"https:\/\/www.waldcamp.at\/wordpress\/index.php\/wp-json\/wp\/v2\/types\/page"}],"author":[{"embeddable":true,"href":"https:\/\/www.waldcamp.at\/wordpress\/index.php\/wp-json\/wp\/v2\/users\/2"}],"replies":[{"embeddable":true,"href":"https:\/\/www.waldcamp.at\/wordpress\/index.php\/wp-json\/wp\/v2\/comments?post=71"}],"version-history":[{"count":311,"href":"https:\/\/www.waldcamp.at\/wordpress\/index.php\/wp-json\/wp\/v2\/pages\/71\/revisions"}],"predecessor-version":[{"id":4251,"href":"https:\/\/www.waldcamp.at\/wordpress\/index.php\/wp-json\/wp\/v2\/pages\/71\/revisions\/4251"}],"wp:attachment":[{"href":"https:\/\/www.waldcamp.at\/wordpress\/index.php\/wp-json\/wp\/v2\/media?parent=71"}],"curies":[{"name":"wp","href":"https:\/\/api.w.org\/{rel}","templated":true}]}}