{"id":73,"date":"2026-01-01T23:30:00","date_gmt":"2026-01-01T21:30:00","guid":{"rendered":"https:\/\/www.waldcamp.at\/wordpress\/?page_id=73"},"modified":"2026-01-07T15:49:10","modified_gmt":"2026-01-07T13:49:10","slug":"waldfuechse","status":"publish","type":"page","link":"https:\/\/www.waldcamp.at\/wordpress\/index.php\/kursangebot\/waldfuechse\/","title":{"rendered":"waldF\u00fcchse"},"content":{"rendered":"\n<p>Kursreihe<\/p>\n\n\n\n<blockquote class=\"wp-block-quote is-layout-flow wp-block-quote-is-layout-flow\">\n<p>Gemeinsam lernen wir den Wald von einer anderen Seite kennen, und das mit allen Sinnen!<\/p>\n<\/blockquote>\n\n\n\n<h2 class=\"wp-block-heading\">Kursinhalt<\/h2>\n\n\n\n<p>Wir alle kennen die W\u00e4lder und Wiesen unserer Heimat, vielleicht durch Spazierg\u00e4nge, sammeln von Pilzen oder \u201eErlebnistouren\u201c mit Freunden. Mit unseren J\u00fcngsten wollen wir den Wald und die Wiesen rund um das Waldcamp auf eine andere Art und Weise erkunden. Wir haben ein Kursprogramm entwickelt, in dem unterschiedliche Schwerpunkte im 3 Jahresrythmus gelegt sind. Im Fokus stehen dabei folgende Themen:<\/p>\n\n\n\n<ul class=\"wp-block-list\">\n<li>Schwirrholz schnitzen &#8211; dein Wildnistelefon<\/li>\n\n\n\n<li>Glutbrennen &#8211; deine Sch\u00fcssel<\/li>\n\n\n\n<li>Spurenkunde &#8211; Wer lief denn hier?<\/li>\n<\/ul>\n\n\n\n<p><br>Die Kurstage verbringen wir im Wald wie auch im Waldcamp. So finden die meisten Spiele im Wald statt und haben zum Ziel sowohl die sozialen Kompetenzen zu st\u00e4rken, als auch die Sensibilisierung der Wahrnehmung zu f\u00f6rdern. Je nach Jahresschwerpunkt f\u00f6rdern wir unterschiedliche handwerkliche F\u00e4higkeiten der Teilnehmer.<\/p>\n\n\n\n<p>Gemeinsam machen wir jeden Tag Feuer, wo die M\u00f6glichkeit besteht am Lagerfeuer selbst Mitgebrachtes zu grillen (in der Regel: W\u00fcrstel). Weiters k\u00f6nnen die TeilnehmerInnen ihre Trinkflasche jederzeit mit bereitgestelltem Wasser wieder auff\u00fcllen. Vor Kursbeginn lassen wir Ihnen eine ausf\u00fchrliche Ausr\u00fcstungsliste zukommen.<\/p>\n\n\n\n<figure class=\"wp-block-gallery has-nested-images columns-default is-cropped wp-block-gallery-1 is-layout-flex wp-block-gallery-is-layout-flex\">\n<figure class=\"wp-block-image size-large\"><img loading=\"lazy\" decoding=\"async\" width=\"400\" height=\"400\" data-id=\"278\" src=\"https:\/\/www.waldcamp.at\/wordpress\/wp-content\/uploads\/2017\/10\/IMG_8818.jpg\" alt=\"\" class=\"wp-image-278\" srcset=\"https:\/\/www.waldcamp.at\/wordpress\/wp-content\/uploads\/2017\/10\/IMG_8818.jpg 400w, https:\/\/www.waldcamp.at\/wordpress\/wp-content\/uploads\/2017\/10\/IMG_8818-150x150.jpg 150w, https:\/\/www.waldcamp.at\/wordpress\/wp-content\/uploads\/2017\/10\/IMG_8818-300x300.jpg 300w, https:\/\/www.waldcamp.at\/wordpress\/wp-content\/uploads\/2017\/10\/IMG_8818-100x100.jpg 100w\" sizes=\"auto, (max-width: 400px) 100vw, 400px\" \/><\/figure>\n\n\n\n<figure class=\"wp-block-image size-large\"><img loading=\"lazy\" decoding=\"async\" width=\"800\" height=\"533\" data-id=\"1211\" src=\"https:\/\/www.waldcamp.at\/wordpress\/wp-content\/uploads\/2019\/07\/IMG_0625.jpg\" alt=\"\" class=\"wp-image-1211\" srcset=\"https:\/\/www.waldcamp.at\/wordpress\/wp-content\/uploads\/2019\/07\/IMG_0625.jpg 800w, https:\/\/www.waldcamp.at\/wordpress\/wp-content\/uploads\/2019\/07\/IMG_0625-300x200.jpg 300w, https:\/\/www.waldcamp.at\/wordpress\/wp-content\/uploads\/2019\/07\/IMG_0625-768x512.jpg 768w\" sizes=\"auto, (max-width: 767px) 89vw, (max-width: 1000px) 54vw, (max-width: 1071px) 543px, 580px\" \/><\/figure>\n\n\n\n<figure class=\"wp-block-image size-large\"><img loading=\"lazy\" decoding=\"async\" width=\"400\" height=\"400\" data-id=\"279\" src=\"https:\/\/www.waldcamp.at\/wordpress\/wp-content\/uploads\/2017\/10\/IMG_4748.jpg\" alt=\"\" class=\"wp-image-279\" srcset=\"https:\/\/www.waldcamp.at\/wordpress\/wp-content\/uploads\/2017\/10\/IMG_4748.jpg 400w, https:\/\/www.waldcamp.at\/wordpress\/wp-content\/uploads\/2017\/10\/IMG_4748-150x150.jpg 150w, https:\/\/www.waldcamp.at\/wordpress\/wp-content\/uploads\/2017\/10\/IMG_4748-300x300.jpg 300w, https:\/\/www.waldcamp.at\/wordpress\/wp-content\/uploads\/2017\/10\/IMG_4748-100x100.jpg 100w\" sizes=\"auto, (max-width: 400px) 100vw, 400px\" \/><\/figure>\n<\/figure>\n\n\n\n<h2 class=\"wp-block-heading\">Kursablauf<\/h2>\n\n\n\n<p>Wochenprogramm in den Sommerferien<br>Montag &#8211; Donnerstag 8:00 &#8211; 16:00 Uhr<br>Freitag 8:00 &#8211; 12:00 Uhr<\/p>\n\n\n\n<h2 class=\"wp-block-heading\">TeilnehmerInnenalter<\/h2>\n\n\n\n<p>ab vollendeter 1. Klasse Volksschule (6\/7 Jahre)<br>Nach dem Abschluss der 3-j\u00e4hrigen Kursreihe geht es f\u00fcr Dich bei den <a href=\"https:\/\/www.waldcamp.at\/wordpress\/index.php\/kursangebot\/waldluchse-2024\/\" data-type=\"page\" data-id=\"2665\">waldLuchsen<\/a> weiter.<\/p>\n\n\n\n<h2 class=\"wp-block-heading\">TeilnehmerInnenanzahl<\/h2>\n\n\n\n<p>mindestens 8 Kinder<br>maximal 16 Kinder<\/p>\n\n\n\n<h2 class=\"wp-block-heading\">Kurskosten<\/h2>\n\n\n\n<p><em>Eine Teilnahme soll nicht an den finanziellen M\u00f6glichkeiten scheitern. <br>Auf Anfrage ist ein Sozialtarif m\u00f6glich.<\/em><\/p>\n\n\n\n<h2 class=\"wp-block-heading\">Termine<\/h2>\n\n\n<noscript class=\"ninja-forms-noscript-message\">\n\tHinweis: F\u00fcr diesen Inhalt ist JavaScript erforderlich.<\/noscript>\n06.07. &#8211; 10.07.2026 &#8211; Ausgebucht!\n\n\n<h2 class=\"wp-block-heading\">Wartelistenplatz<\/h2>\n\n\n\n<p>Bei Interesse an einem Platz eines ausgebuchten Kurses tragt Euch gerne in der Warteliste ein:<\/p>\n\n\n<noscript class=\"ninja-forms-noscript-message\">\n\tHinweis: F\u00fcr diesen Inhalt ist JavaScript erforderlich.<\/noscript>\n<div id=\"nf-form-53-cont\" class=\"nf-form-cont\" aria-live=\"polite\" aria-labelledby=\"nf-form-title-53\" aria-describedby=\"nf-form-errors-53\" role=\"form\">\n\n    <div class=\"nf-loading-spinner\"><\/div>\n\n<\/div>\n        <!-- That data is being printed as a workaround to page builders reordering the order of the scripts loaded-->\n        <script>var formDisplay=1;var nfForms=nfForms||[];var form=[];form.id='53';form.settings={\"objectType\":\"Form Setting\",\"editActive\":true,\"title\":\"waldF\\u00fcchse Warteliste\",\"created_at\":\"2026-01-07 12:54:04\",\"form_title\":\"Event Registration\",\"default_label_pos\":\"above\",\"show_title\":\"1\",\"clear_complete\":\"1\",\"hide_complete\":\"1\",\"logged_in\":\"0\",\"key\":\"\",\"wrapper_class\":\"\",\"element_class\":\"\",\"add_submit\":\"0\",\"not_logged_in_msg\":\"<p><br><\\\/p>\",\"sub_limit_number\":\"4\",\"sub_limit_msg\":\"Alle Ausbildungspl\\u00e4tze f\\u00fcr den n\\u00e4chsten Ausbildungsstart sind derzeit belegt.\",\"calculations\":[],\"formContentData\":[\"vor-_und_nachname_1732785435724\",\"phone_1756558731444\",\"email_1756558769495\",\"wartelistenplatz_fuer_kurs_am_06_07_-_10_07_2026_1767786994874\",\"wartelistenplatz_fuer_kurs_am_13_07_-_17_07_2026_1767787017421\",\"wartelistenplatz_fuer_kurs_am_27_07_-_31_07_2026_1767787044743\",\"absenden_1756558804043\"],\"currency\":\"\",\"unique_field_error\":\"A form with this value has already been submitted.\",\"form_title_heading_level\":\"3\",\"changeEmailErrorMsg\":\"Bitte gib eine g\\u00fcltige E-Mail-Adresse ein.\",\"changeDateErrorMsg\":\"Bitte gib ein g\\u00fcltiges Datum ein!\",\"confirmFieldErrorMsg\":\"Diese Felder m\\u00fcssen \\u00fcbereinstimmen!\",\"fieldNumberNumMinError\":\"Die eingegebene Zahl ist zu klein.\",\"fieldNumberNumMaxError\":\"Die eingegebene Zahl ist zu gross.\",\"fieldNumberIncrementBy\":\"Bitte erh\\u00f6hen in Schritten von\",\"formErrorsCorrectErrors\":\"Bitte korrigiere die Fehler, bevor du das Formular sendest.\",\"validateRequiredField\":\"Dies ist ein Pflichtfeld.\",\"honeypotHoneypotError\":\"Honeypot-Fehler\",\"fieldsMarkedRequired\":\"Felder mit einem <span class=\\\"ninja-forms-req-symbol\\\">*<\\\/span> sind Pflichtfelder\",\"drawerDisabled\":false,\"unique_field\":\"0\",\"allow_public_link\":0,\"embed_form\":\"\",\"ninjaForms\":\"Ninja Forms\",\"fieldTextareaRTEInsertLink\":\"Link einf\\u00fcgen\",\"fieldTextareaRTEInsertMedia\":\"Medien einf\\u00fcgen\",\"fieldTextareaRTESelectAFile\":\"Eine Datei ausw\\u00e4hlen\",\"formHoneypot\":\"Falls du ein Mensch bist und dieses Feld siehst, dann lasse es bitte leer.\",\"fileUploadOldCodeFileUploadInProgress\":\"Datei-Upload l\\u00e4uft.\",\"fileUploadOldCodeFileUpload\":\"DATEI-UPLOAD\",\"currencySymbol\":false,\"thousands_sep\":\".\",\"decimal_point\":\",\",\"siteLocale\":\"de_DE\",\"dateFormat\":\"m\\\/d\\\/Y\",\"startOfWeek\":\"1\",\"of\":\"von\",\"previousMonth\":\"Vorheriger Monat\",\"nextMonth\":\"N\\u00e4chster Monat\",\"months\":[\"Januar\",\"Februar\",\"M\\u00e4rz\",\"April\",\"Mai\",\"Juni\",\"Juli\",\"August\",\"September\",\"Oktober\",\"November\",\"Dezember\"],\"monthsShort\":[\"Jan.\",\"Feb.\",\"M\\u00e4rz\",\"Apr.\",\"Mai\",\"Juni\",\"Juli\",\"Aug\",\"Sep.\",\"Okt.\",\"Nov.\",\"Dez.\"],\"weekdays\":[\"Sonntag\",\"Montag\",\"Dienstag\",\"Mittwoch\",\"Donnerstag\",\"Freitag\",\"Samstag\"],\"weekdaysShort\":[\"So.\",\"Mo.\",\"Di.\",\"Mi.\",\"Do.\",\"Fr.\",\"Sa.\"],\"weekdaysMin\":[\"So.\",\"Mo.\",\"Di.\",\"Mi.\",\"Do.\",\"Fr.\",\"Sa.\"],\"recaptchaConsentMissing\":\"reCaptcha validation couldn&#039;t load.\",\"recaptchaMissingCookie\":\"reCaptcha v3 validation couldn&#039;t load the cookie needed to submit the form.\",\"recaptchaConsentEvent\":\"Accept reCaptcha cookies before sending the form.\",\"currency_symbol\":\"\",\"beforeForm\":\"\",\"beforeFields\":\"\",\"afterFields\":\"\",\"afterForm\":\"\"};form.fields=[{\"objectType\":\"Field\",\"objectDomain\":\"fields\",\"editActive\":false,\"order\":1,\"idAttribute\":\"id\",\"label\":\"Vor- und Nachname\",\"key\":\"vor-_und_nachname_1732785435724\",\"type\":\"firstname\",\"created_at\":\"2016-08-28 16:16:05\",\"label_pos\":\"above\",\"required\":1,\"default\":\"\",\"placeholder\":\"\",\"container_class\":\"one-half first\",\"element_class\":\"\",\"admin_label\":\"\",\"help_text\":\"\",\"desc_text\":\"\",\"field_label\":\"Vor- und Nachname\",\"field_key\":\"vor-_und_nachname_1732785435724\",\"custom_name_attribute\":\"fname\",\"personally_identifiable\":1,\"value\":\"\",\"drawerDisabled\":\"\",\"id\":184,\"beforeField\":\"\",\"afterField\":\"\",\"parentType\":\"firstname\",\"element_templates\":[\"firstname\",\"input\"],\"old_classname\":\"\",\"wrap_template\":\"wrap\"},{\"objectType\":\"Field\",\"objectDomain\":\"fields\",\"editActive\":false,\"order\":2,\"idAttribute\":\"id\",\"type\":\"phone\",\"label\":\"\\ufeffTelefon\",\"key\":\"phone_1756558731444\",\"label_pos\":\"above\",\"required\":1,\"default\":\"\",\"placeholder\":\"\",\"container_class\":\"\",\"element_class\":\"\",\"input_limit\":\"\",\"input_limit_type\":\"characters\",\"input_limit_msg\":\"verbleibende(s) Zeichen\",\"manual_key\":\"\",\"admin_label\":\"\",\"help_text\":\"\",\"mask\":\"\",\"custom_mask\":\"\",\"custom_name_attribute\":\"phone\",\"personally_identifiable\":1,\"value\":\"\",\"drawerDisabled\":\"\",\"field_label\":\"\\ufeffTelefon\",\"field_key\":\"phone_1756558731444\",\"id\":186,\"beforeField\":\"\",\"afterField\":\"\",\"parentType\":\"textbox\",\"element_templates\":[\"tel\",\"textbox\",\"input\"],\"old_classname\":\"\",\"wrap_template\":\"wrap\"},{\"objectType\":\"Field\",\"objectDomain\":\"fields\",\"editActive\":false,\"order\":3,\"idAttribute\":\"id\",\"type\":\"email\",\"label\":\"E-Mail\",\"key\":\"email_1756558769495\",\"label_pos\":\"above\",\"required\":1,\"default\":\"\",\"placeholder\":\"\",\"container_class\":\"\",\"element_class\":\"\",\"admin_label\":\"\",\"help_text\":\"\",\"custom_name_attribute\":\"email\",\"personally_identifiable\":1,\"value\":\"\",\"field_label\":\"E-Mail\",\"field_key\":\"email_1756558769495\",\"id\":187,\"beforeField\":\"\",\"afterField\":\"\",\"parentType\":\"email\",\"element_templates\":[\"email\",\"input\"],\"old_classname\":\"\",\"wrap_template\":\"wrap\"},{\"objectType\":\"Field\",\"objectDomain\":\"fields\",\"editActive\":false,\"order\":4,\"idAttribute\":\"id\",\"type\":\"checkbox\",\"label\":\"Wartelistenplatz f\\u00fcr Kurs am 06.07. - 10.07.2026\",\"key\":\"wartelistenplatz_fuer_kurs_am_06_07_-_10_07_2026_1767786994874\",\"label_pos\":\"right\",\"required\":false,\"container_class\":\"\",\"element_class\":\"\",\"manual_key\":false,\"admin_label\":\"\",\"help_text\":\"\",\"default_value\":\"unchecked\",\"checked_value\":\"Ausgew\\u00e4hlt\",\"unchecked_value\":\"Nicht ausgew\\u00e4hlt\",\"checked_calc_value\":\"\",\"unchecked_calc_value\":\"\",\"id\":188,\"beforeField\":\"\",\"afterField\":\"\",\"value\":\"\",\"parentType\":\"checkbox\",\"element_templates\":[\"checkbox\",\"input\"],\"old_classname\":\"\",\"wrap_template\":\"wrap\"},{\"objectType\":\"Field\",\"objectDomain\":\"fields\",\"editActive\":false,\"order\":5,\"idAttribute\":\"id\",\"type\":\"checkbox\",\"label\":\"Wartelistenplatz f\\u00fcr Kurs am 13.07. - 17.07.2026\",\"key\":\"wartelistenplatz_fuer_kurs_am_13_07_-_17_07_2026_1767787017421\",\"label_pos\":\"right\",\"required\":false,\"container_class\":\"\",\"element_class\":\"\",\"manual_key\":false,\"admin_label\":\"\",\"help_text\":\"\",\"default_value\":\"unchecked\",\"checked_value\":\"Ausgew\\u00e4hlt\",\"unchecked_value\":\"Nicht ausgew\\u00e4hlt\",\"checked_calc_value\":\"\",\"unchecked_calc_value\":\"\",\"id\":189,\"beforeField\":\"\",\"afterField\":\"\",\"value\":\"\",\"parentType\":\"checkbox\",\"element_templates\":[\"checkbox\",\"input\"],\"old_classname\":\"\",\"wrap_template\":\"wrap\"},{\"objectType\":\"Field\",\"objectDomain\":\"fields\",\"editActive\":false,\"order\":6,\"idAttribute\":\"id\",\"type\":\"checkbox\",\"label\":\"Wartelistenplatz f\\u00fcr Kurs am 27.07. - 31.07.2026\",\"key\":\"wartelistenplatz_fuer_kurs_am_27_07_-_31_07_2026_1767787044743\",\"label_pos\":\"right\",\"required\":false,\"container_class\":\"\",\"element_class\":\"\",\"manual_key\":false,\"admin_label\":\"\",\"help_text\":\"\",\"default_value\":\"unchecked\",\"checked_value\":\"Ausgew\\u00e4hlt\",\"unchecked_value\":\"Nicht ausgew\\u00e4hlt\",\"checked_calc_value\":\"\",\"unchecked_calc_value\":\"\",\"drawerDisabled\":false,\"id\":190,\"beforeField\":\"\",\"afterField\":\"\",\"value\":\"\",\"parentType\":\"checkbox\",\"element_templates\":[\"checkbox\",\"input\"],\"old_classname\":\"\",\"wrap_template\":\"wrap\"},{\"objectType\":\"Field\",\"objectDomain\":\"fields\",\"editActive\":false,\"order\":7,\"idAttribute\":\"id\",\"label\":\"absenden\",\"key\":\"absenden_1756558804043\",\"type\":\"submit\",\"created_at\":\"2016-08-28 16:16:05\",\"processing_label\":\"ANGEKOMMEN\",\"container_class\":\"\",\"element_class\":\"\",\"field_label\":\"absenden\",\"field_key\":\"absenden_1756558804043\",\"drawerDisabled\":\"\",\"id\":185,\"beforeField\":\"\",\"afterField\":\"\",\"value\":\"\",\"label_pos\":\"above\",\"parentType\":\"textbox\",\"element_templates\":[\"submit\",\"button\",\"input\"],\"old_classname\":\"\",\"wrap_template\":\"wrap-no-label\"}];nfForms.push(form);<\/script>\n        ","protected":false},"excerpt":{"rendered":"<p>Kursreihe Gemeinsam lernen wir den Wald von einer anderen Seite kennen, und das mit allen Sinnen! Kursinhalt Wir alle kennen die W\u00e4lder und Wiesen unserer Heimat, vielleicht durch Spazierg\u00e4nge, sammeln von Pilzen oder \u201eErlebnistouren\u201c mit Freunden. Mit unseren J\u00fcngsten wollen wir den Wald und die Wiesen rund um das Waldcamp auf eine andere Art und &hellip; <\/p>\n<p class=\"link-more\"><a href=\"https:\/\/www.waldcamp.at\/wordpress\/index.php\/kursangebot\/waldfuechse\/\" class=\"more-link\"><span class=\"screen-reader-text\">\u201ewaldF\u00fcchse\u201c <\/span>weiterlesen<\/a><\/p>\n","protected":false},"author":2,"featured_media":1973,"parent":1924,"menu_order":0,"comment_status":"closed","ping_status":"closed","template":"","meta":{"footnotes":""},"class_list":["post-73","page","type-page","status-publish","has-post-thumbnail","hentry"],"_links":{"self":[{"href":"https:\/\/www.waldcamp.at\/wordpress\/index.php\/wp-json\/wp\/v2\/pages\/73","targetHints":{"allow":["GET"]}}],"collection":[{"href":"https:\/\/www.waldcamp.at\/wordpress\/index.php\/wp-json\/wp\/v2\/pages"}],"about":[{"href":"https:\/\/www.waldcamp.at\/wordpress\/index.php\/wp-json\/wp\/v2\/types\/page"}],"author":[{"embeddable":true,"href":"https:\/\/www.waldcamp.at\/wordpress\/index.php\/wp-json\/wp\/v2\/users\/2"}],"replies":[{"embeddable":true,"href":"https:\/\/www.waldcamp.at\/wordpress\/index.php\/wp-json\/wp\/v2\/comments?post=73"}],"version-history":[{"count":114,"href":"https:\/\/www.waldcamp.at\/wordpress\/index.php\/wp-json\/wp\/v2\/pages\/73\/revisions"}],"predecessor-version":[{"id":4120,"href":"https:\/\/www.waldcamp.at\/wordpress\/index.php\/wp-json\/wp\/v2\/pages\/73\/revisions\/4120"}],"up":[{"embeddable":true,"href":"https:\/\/www.waldcamp.at\/wordpress\/index.php\/wp-json\/wp\/v2\/pages\/1924"}],"wp:featuredmedia":[{"embeddable":true,"href":"https:\/\/www.waldcamp.at\/wordpress\/index.php\/wp-json\/wp\/v2\/media\/1973"}],"wp:attachment":[{"href":"https:\/\/www.waldcamp.at\/wordpress\/index.php\/wp-json\/wp\/v2\/media?parent=73"}],"curies":[{"name":"wp","href":"https:\/\/api.w.org\/{rel}","templated":true}]}}